{"id":127,"date":"2023-01-19T01:02:44","date_gmt":"2023-01-19T01:02:44","guid":{"rendered":"https:\/\/eventos.ese.ips.pt\/siie2023\/?page_id=127"},"modified":"2023-04-13T14:27:39","modified_gmt":"2023-04-13T14:27:39","slug":"submissoes","status":"publish","type":"page","link":"https:\/\/eventos.ese.ips.pt\/siie2023\/index.php\/submissoes\/","title":{"rendered":"Submiss\u00f5es"},"content":{"rendered":"<nav style=\"color: #cecece;background-color: #3f687f;\" class=\"is-layout-flex wp-container-2 has-text-color has-background has-medium-font-size is-responsive fixo wp-block-navigation has-medium-font-size\" aria-label=\"Navega\u00e7\u00e3o\"><button aria-haspopup=\"true\" aria-label=\"Open menu\" class=\"wp-block-navigation__responsive-container-open \" data-micromodal-trigger=\"modal-1\"><svg width=\"24\" height=\"24\" xmlns=\"http:\/\/www.w3.org\/2000\/svg\" viewBox=\"0 0 24 24\"><path d=\"M5 5v1.5h14V5H5zm0 7.8h14v-1.5H5v1.5zM5 19h14v-1.5H5V19z\" \/><\/svg><\/button>\n\t\t\t<div class=\"wp-block-navigation__responsive-container  \" style=\"\" id=\"modal-1\">\n\t\t\t\t<div class=\"wp-block-navigation__responsive-close\" tabindex=\"-1\" data-micromodal-close>\n\t\t\t\t\t<div class=\"wp-block-navigation__responsive-dialog\" aria-label=\"Menu\">\n\t\t\t\t\t\t\t<button aria-label=\"Close menu\" data-micromodal-close class=\"wp-block-navigation__responsive-container-close\"><svg xmlns=\"http:\/\/www.w3.org\/2000\/svg\" viewBox=\"0 0 24 24\" width=\"24\" height=\"24\" aria-hidden=\"true\" focusable=\"false\"><path d=\"M13 11.8l6.1-6.3-1-1-6.1 6.2-6.1-6.2-1 1 6.1 6.3-6.5 6.7 1 1 6.5-6.6 6.5 6.6 1-1z\"><\/path><\/svg><\/button>\n\t\t\t\t\t\t<div class=\"wp-block-navigation__responsive-container-content\" id=\"modal-1-content\">\n\t\t\t\t\t\t\t<ul class=\"wp-block-navigation__container\"><li style=\"color: #cecece;background-color: #3f687f;\" class=\"has-text-color has-background has-medium-font-size wp-block-navigation-item wp-block-navigation-link\"><a class=\"wp-block-navigation-item__content\"  href=\"https:\/\/eventos.ese.ips.pt\/siie2023\/\"><span class=\"wp-block-navigation-item__label\">SIIE 2023<\/span><\/a><\/li><li style=\"color: #cecece;background-color: #3f687f;\" class=\"has-text-color has-background has-medium-font-size wp-block-navigation-item wp-block-navigation-link\"><a class=\"wp-block-navigation-item__content\"  href=\"https:\/\/eventos.ese.ips.pt\/siie2023\/index.php\/temas\/\"><span class=\"wp-block-navigation-item__label\">Temas<\/span><\/a><\/li><li style=\"color: #cecece;background-color: #3f687f;\" class=\"has-text-color has-background has-medium-font-size wp-block-navigation-item wp-block-navigation-link\"><a class=\"wp-block-navigation-item__content\"  href=\"https:\/\/eventos.ese.ips.pt\/siie2023\/index.php\/comissoes\/\"><span class=\"wp-block-navigation-item__label\">Comiss\u00f5es<\/span><\/a><\/li><li style=\"color: #cecece;background-color: #3f687f;\" class=\"has-text-color has-background has-medium-font-size wp-block-navigation-item wp-block-navigation-link\"><a class=\"wp-block-navigation-item__content\"  href=\"https:\/\/eventos.ese.ips.pt\/siie2023\/index.php\/datas\/\"><span class=\"wp-block-navigation-item__label\">Datas<\/span><\/a><\/li><li style=\"color: #cecece;background-color: #3f687f;\" class=\"has-text-color has-background has-medium-font-size wp-block-navigation-item wp-block-navigation-link\"><a class=\"wp-block-navigation-item__content\"  href=\"https:\/\/eventos.ese.ips.pt\/siie2023\/index.php\/submissoes\/\"><span class=\"wp-block-navigation-item__label\">Submiss\u00f5es<\/span><\/a><\/li><li style=\"color: #cecece;background-color: #3f687f;\" class=\"has-text-color has-background has-medium-font-size wp-block-navigation-item wp-block-navigation-link\"><a class=\"wp-block-navigation-item__content\"  href=\"https:\/\/eventos.ese.ips.pt\/siie2023\/index.php\/inscricoes2\/\"><span class=\"wp-block-navigation-item__label\">Inscri\u00e7\u00f5es<\/span><\/a><\/li><li style=\"color: #cecece;background-color: #3f687f;\" class=\"has-text-color has-background has-medium-font-size wp-block-navigation-item wp-block-navigation-link\"><a class=\"wp-block-navigation-item__content\"  href=\"https:\/\/eventos.ese.ips.pt\/siie2023\/index.php\/programa\/\"><span class=\"wp-block-navigation-item__label\">Programa<\/span><\/a><\/li><li style=\"color: #cecece;background-color: #3f687f;\" class=\"has-text-color has-background has-medium-font-size wp-block-navigation-item wp-block-navigation-link\"><a class=\"wp-block-navigation-item__content\"  href=\"https:\/\/eventos.ese.ips.pt\/siie2023\/index.php\/oradores-convidados\/\"><span class=\"wp-block-navigation-item__label\">Oradores convidados<\/span><\/a><\/li><li style=\"color: #cecece;background-color: #3f687f;\" class=\"has-text-color has-background has-medium-font-size wp-block-navigation-item wp-block-navigation-link\"><a class=\"wp-block-navigation-item__content\"  href=\"https:\/\/eventos.ese.ips.pt\/siie2023\/index.php\/local\/\"><span class=\"wp-block-navigation-item__label\">Local<\/span><\/a><\/li><li style=\"color: #cecece;background-color: #3f687f;\" class=\"has-text-color has-background has-medium-font-size wp-block-navigation-item wp-block-navigation-link\"><a class=\"wp-block-navigation-item__content\"  href=\"https:\/\/eventos.ese.ips.pt\/siie2023\/index.php\/contactos\/\"><span class=\"wp-block-navigation-item__label\">Contactos<\/span><\/a><\/li><li style=\"color: #cecece;background-color: #3f687f;\" class=\"has-text-color has-background has-medium-font-size wp-block-navigation-item wp-block-navigation-link\"><a class=\"wp-block-navigation-item__content\"  href=\"https:\/\/eventos.ese.ips.pt\/siie2023\/\"><span class=\"wp-block-navigation-item__label\"><img decoding=\"async\" loading=\"lazy\" width=\"50\" height=\"33\" class=\"wp-image-464\" style=\"width: 25px\" src=\"https:\/\/eventos.ese.ips.pt\/siie2023\/wp-content\/uploads\/2023\/02\/bandeira-pt1.png\" alt=\"PT\"><\/span><\/a><\/li><li style=\"color: #cecece;background-color: #3f687f;\" class=\"has-text-color has-background has-medium-font-size wp-block-navigation-item wp-block-navigation-link\"><a class=\"wp-block-navigation-item__content\"  href=\"https:\/\/eventos.ese.ips.pt\/siie2023\/index.php\/en\/\"><span class=\"wp-block-navigation-item__label\"><img decoding=\"async\" loading=\"lazy\" width=\"50\" height=\"33\" class=\"wp-image-450\" style=\"width: 25px\" src=\"https:\/\/eventos.ese.ips.pt\/siie2023\/wp-content\/uploads\/2023\/02\/bandeira-uk.png\" alt=\"\"><\/span><\/a><\/li><\/ul>\n\t\t\t\t\t\t<\/div>\n\t\t\t\t\t<\/div>\n\t\t\t\t<\/div>\n\t\t\t<\/div><\/nav>\n\n\n<div class=\"has-global-padding is-layout-constrained wp-container-3 wp-block-group\">\n<p class=\"has-medium-font-size\"><strong>Submiss\u00f5es<\/strong><\/p>\n\n\n\n<p>O Simp\u00f3sio apela a contribui\u00e7\u00f5es de qualidade apresentando trabalhos originais em Inform\u00e1tica Educativa relacionados com os temas do simp\u00f3sio. As contribui\u00e7\u00f5es podem ser escritas em portugu\u00eas, espanhol ou ingl\u00eas. O t\u00edtulo e o resumo tamb\u00e9m devem ser escritos em ingl\u00eas. A apresenta\u00e7\u00e3o de trabalhos no simp\u00f3sio poder\u00e1 ser em portugu\u00eas, espanhol ou ingl\u00eas.<\/p>\n\n\n\n<p class=\"quebralink\" style=\"margin-top:0;margin-right:0;margin-bottom:0;margin-left:0;padding-top:0;padding-right:0;padding-bottom:0;padding-left:0\">Todas as contribui\u00e7\u00f5es devem ser enviadas como arquivos PDF e em conformidade com as instru\u00e7\u00f5es oficiais de formata\u00e7\u00e3o de procedimentos do IEEE (<a href=\"https:\/\/www.ieee.org\/conferences\/publishing\/templates.html\" target=\"_blank\" rel=\"noreferrer noopener\">https:\/\/www.ieee.org\/conferences\/publishing\/templates.html<\/a>).<\/p>\n\n\n\n<p>Contribui\u00e7\u00f5es regulares ser\u00e3o limitadas a um m\u00e1ximo de 6 p\u00e1ginas.<\/p>\n\n\n\n<p>As submiss\u00f5es devem ser feitas atrav\u00e9s da plataforma CMT da Microsoft atrav\u00e9s do link <a rel=\"noreferrer noopener\" href=\"https:\/\/cmt3.research.microsoft.com\/SIIE2023\/Submission\/Index\" target=\"_blank\">https:\/\/cmt3.research.microsoft.com\/SIIE2023\/Submission\/Index<\/a>.<\/p>\n\n\n\n<p>Os trabalhos aceites ser\u00e3o publicados digitalmente nas atas do simp\u00f3sio, que ser\u00e3o distribu\u00eddas aos participantes antes do simp\u00f3sio.<\/p>\n\n\n\n<p>Os trabalhos submetidos ser\u00e3o inclu\u00eddos numa edi\u00e7\u00e3o de <em>post-proceedings<\/em> que ser\u00e1 submetida ao IEEE para ser considerada para publica\u00e7\u00e3o no IEEEXplore (indexado por Clarivate WoS e SCOPUS).<\/p>\n\n\n\n<p>Os artigos a serem publicados como atas do IEEE devem ser escritos em ingl\u00eas. <br>Os melhores trabalhos tamb\u00e9m ser\u00e3o selecionados para publica\u00e7\u00e3o em vers\u00f5es desenvolvidas em v\u00e1rias revistas.<br>Edi\u00e7\u00f5es especiais est\u00e3o atualmente confirmadas em:<\/p>\n\n\n\n<p>\u2022 Revista IEEE RITA (<a rel=\"noreferrer noopener\" href=\"https:\/\/vaep-rita.org\/\" target=\"_blank\">https:\/\/vaep-rita.org\/<\/a>)<br>\u2022 Revista da ADIE, IE Comunicaciones (<a rel=\"noreferrer noopener\" href=\"https:\/\/adie.es\/revista\/\" target=\"_blank\">https:\/\/adie.es\/revista\/<\/a>)<br>\u2022 Revista Educa\u00e7\u00e3o na Sociedade do Conhecimento (EKS) (<a rel=\"noreferrer noopener\" href=\"https:\/\/revistas.usal.es\/tres\/index.php\/eks\" target=\"_blank\">https:\/\/revistas.usal.es\/tres\/index.php\/eks<\/a>)<br>\u2022 Medi@\u00e7\u00f5es &#8211; Revista online da Escola Superior de Educa\u00e7\u00e3o do Instituto Polit\u00e9cnico de Set\u00fabal (<a rel=\"noreferrer noopener\" href=\"https:\/\/mediacoes.ese.ips.pt\" target=\"_blank\">https:\/\/mediacoes.ese.ips.pt<\/a>)<\/p>\n<\/div>\n","protected":false},"excerpt":{"rendered":"<p>Submiss\u00f5es O Simp\u00f3sio apela a contribui\u00e7\u00f5es de qualidade apresentando trabalhos originais em Inform\u00e1tica Educativa relacionados com os temas do simp\u00f3sio. As contribui\u00e7\u00f5es podem ser escritas em portugu\u00eas, espanhol ou ingl\u00eas. O t\u00edtulo e o resumo tamb\u00e9m devem ser escritos em ingl\u00eas. A apresenta\u00e7\u00e3o de trabalhos no simp\u00f3sio poder\u00e1 ser em portugu\u00eas, espanhol ou ingl\u00eas. Todas [&hellip;]<\/p>\n","protected":false},"author":1,"featured_media":0,"parent":0,"menu_order":3,"comment_status":"closed","ping_status":"closed","template":"","meta":[],"_links":{"self":[{"href":"https:\/\/eventos.ese.ips.pt\/siie2023\/index.php\/wp-json\/wp\/v2\/pages\/127"}],"collection":[{"href":"https:\/\/eventos.ese.ips.pt\/siie2023\/index.php\/wp-json\/wp\/v2\/pages"}],"about":[{"href":"https:\/\/eventos.ese.ips.pt\/siie2023\/index.php\/wp-json\/wp\/v2\/types\/page"}],"author":[{"embeddable":true,"href":"https:\/\/eventos.ese.ips.pt\/siie2023\/index.php\/wp-json\/wp\/v2\/users\/1"}],"replies":[{"embeddable":true,"href":"https:\/\/eventos.ese.ips.pt\/siie2023\/index.php\/wp-json\/wp\/v2\/comments?post=127"}],"version-history":[{"count":26,"href":"https:\/\/eventos.ese.ips.pt\/siie2023\/index.php\/wp-json\/wp\/v2\/pages\/127\/revisions"}],"predecessor-version":[{"id":919,"href":"https:\/\/eventos.ese.ips.pt\/siie2023\/index.php\/wp-json\/wp\/v2\/pages\/127\/revisions\/919"}],"wp:attachment":[{"href":"https:\/\/eventos.ese.ips.pt\/siie2023\/index.php\/wp-json\/wp\/v2\/media?parent=127"}],"curies":[{"name":"wp","href":"https:\/\/api.w.org\/{rel}","templated":true}]}}