{"id":2,"date":"2023-01-18T17:48:46","date_gmt":"2023-01-18T17:48:46","guid":{"rendered":"https:\/\/eventos.ese.ips.pt\/siie2023\/?page_id=2"},"modified":"2023-11-27T22:45:17","modified_gmt":"2023-11-27T22:45:17","slug":"siie23","status":"publish","type":"page","link":"https:\/\/eventos.ese.ips.pt\/siie2023\/","title":{"rendered":"SIIE23"},"content":{"rendered":"<nav style=\"color: #cecece;background-color: #3f687f;\" class=\"is-layout-flex wp-container-2 has-text-color has-background has-medium-font-size is-responsive fixo wp-block-navigation has-medium-font-size\" aria-label=\"Navega\u00e7\u00e3o\"><button aria-haspopup=\"true\" aria-label=\"Open menu\" class=\"wp-block-navigation__responsive-container-open \" data-micromodal-trigger=\"modal-1\"><svg width=\"24\" height=\"24\" xmlns=\"http:\/\/www.w3.org\/2000\/svg\" viewBox=\"0 0 24 24\"><path d=\"M5 5v1.5h14V5H5zm0 7.8h14v-1.5H5v1.5zM5 19h14v-1.5H5V19z\" \/><\/svg><\/button>\n\t\t\t<div class=\"wp-block-navigation__responsive-container  \" style=\"\" id=\"modal-1\">\n\t\t\t\t<div class=\"wp-block-navigation__responsive-close\" tabindex=\"-1\" data-micromodal-close>\n\t\t\t\t\t<div class=\"wp-block-navigation__responsive-dialog\" aria-label=\"Menu\">\n\t\t\t\t\t\t\t<button aria-label=\"Close menu\" data-micromodal-close class=\"wp-block-navigation__responsive-container-close\"><svg xmlns=\"http:\/\/www.w3.org\/2000\/svg\" viewBox=\"0 0 24 24\" width=\"24\" height=\"24\" aria-hidden=\"true\" focusable=\"false\"><path d=\"M13 11.8l6.1-6.3-1-1-6.1 6.2-6.1-6.2-1 1 6.1 6.3-6.5 6.7 1 1 6.5-6.6 6.5 6.6 1-1z\"><\/path><\/svg><\/button>\n\t\t\t\t\t\t<div class=\"wp-block-navigation__responsive-container-content\" id=\"modal-1-content\">\n\t\t\t\t\t\t\t<ul class=\"wp-block-navigation__container\"><li style=\"color: #cecece;background-color: #3f687f;\" class=\"has-text-color has-background has-medium-font-size wp-block-navigation-item wp-block-navigation-link\"><a class=\"wp-block-navigation-item__content\"  href=\"https:\/\/eventos.ese.ips.pt\/siie2023\/\"><span class=\"wp-block-navigation-item__label\">SIIE 2023<\/span><\/a><\/li><li style=\"color: #cecece;background-color: #3f687f;\" class=\"has-text-color has-background has-medium-font-size wp-block-navigation-item wp-block-navigation-link\"><a class=\"wp-block-navigation-item__content\"  href=\"https:\/\/eventos.ese.ips.pt\/siie2023\/index.php\/temas\/\"><span class=\"wp-block-navigation-item__label\">Temas<\/span><\/a><\/li><li style=\"color: #cecece;background-color: #3f687f;\" class=\"has-text-color has-background has-medium-font-size wp-block-navigation-item wp-block-navigation-link\"><a class=\"wp-block-navigation-item__content\"  href=\"https:\/\/eventos.ese.ips.pt\/siie2023\/index.php\/comissoes\/\"><span class=\"wp-block-navigation-item__label\">Comiss\u00f5es<\/span><\/a><\/li><li style=\"color: #cecece;background-color: #3f687f;\" class=\"has-text-color has-background has-medium-font-size wp-block-navigation-item wp-block-navigation-link\"><a class=\"wp-block-navigation-item__content\"  href=\"https:\/\/eventos.ese.ips.pt\/siie2023\/index.php\/datas\/\"><span class=\"wp-block-navigation-item__label\">Datas<\/span><\/a><\/li><li style=\"color: #cecece;background-color: #3f687f;\" class=\"has-text-color has-background has-medium-font-size wp-block-navigation-item wp-block-navigation-link\"><a class=\"wp-block-navigation-item__content\"  href=\"https:\/\/eventos.ese.ips.pt\/siie2023\/index.php\/submissoes\/\"><span class=\"wp-block-navigation-item__label\">Submiss\u00f5es<\/span><\/a><\/li><li style=\"color: #cecece;background-color: #3f687f;\" class=\"has-text-color has-background has-medium-font-size wp-block-navigation-item wp-block-navigation-link\"><a class=\"wp-block-navigation-item__content\"  href=\"https:\/\/eventos.ese.ips.pt\/siie2023\/index.php\/inscricoes2\/\"><span class=\"wp-block-navigation-item__label\">Inscri\u00e7\u00f5es<\/span><\/a><\/li><li style=\"color: #cecece;background-color: #3f687f;\" class=\"has-text-color has-background has-medium-font-size wp-block-navigation-item wp-block-navigation-link\"><a class=\"wp-block-navigation-item__content\"  href=\"https:\/\/eventos.ese.ips.pt\/siie2023\/index.php\/programa\/\"><span class=\"wp-block-navigation-item__label\">Programa<\/span><\/a><\/li><li style=\"color: #cecece;background-color: #3f687f;\" class=\"has-text-color has-background has-medium-font-size wp-block-navigation-item wp-block-navigation-link\"><a class=\"wp-block-navigation-item__content\"  href=\"https:\/\/eventos.ese.ips.pt\/siie2023\/index.php\/oradores-convidados\/\"><span class=\"wp-block-navigation-item__label\">Oradores convidados<\/span><\/a><\/li><li style=\"color: #cecece;background-color: #3f687f;\" class=\"has-text-color has-background has-medium-font-size wp-block-navigation-item wp-block-navigation-link\"><a class=\"wp-block-navigation-item__content\"  href=\"https:\/\/eventos.ese.ips.pt\/siie2023\/index.php\/local\/\"><span class=\"wp-block-navigation-item__label\">Local<\/span><\/a><\/li><li style=\"color: #cecece;background-color: #3f687f;\" class=\"has-text-color has-background has-medium-font-size wp-block-navigation-item wp-block-navigation-link\"><a class=\"wp-block-navigation-item__content\"  href=\"https:\/\/eventos.ese.ips.pt\/siie2023\/index.php\/contactos\/\"><span class=\"wp-block-navigation-item__label\">Contactos<\/span><\/a><\/li><li style=\"color: #cecece;background-color: #3f687f;\" class=\"has-text-color has-background has-medium-font-size wp-block-navigation-item wp-block-navigation-link\"><a class=\"wp-block-navigation-item__content\"  href=\"https:\/\/eventos.ese.ips.pt\/siie2023\/\"><span class=\"wp-block-navigation-item__label\"><img decoding=\"async\" loading=\"lazy\" width=\"50\" height=\"33\" class=\"wp-image-464\" style=\"width: 25px\" src=\"https:\/\/eventos.ese.ips.pt\/siie2023\/wp-content\/uploads\/2023\/02\/bandeira-pt1.png\" alt=\"PT\"><\/span><\/a><\/li><li style=\"color: #cecece;background-color: #3f687f;\" class=\"has-text-color has-background has-medium-font-size wp-block-navigation-item wp-block-navigation-link\"><a class=\"wp-block-navigation-item__content\"  href=\"https:\/\/eventos.ese.ips.pt\/siie2023\/index.php\/en\/\"><span class=\"wp-block-navigation-item__label\"><img decoding=\"async\" loading=\"lazy\" width=\"50\" height=\"33\" class=\"wp-image-450\" style=\"width: 25px\" src=\"https:\/\/eventos.ese.ips.pt\/siie2023\/wp-content\/uploads\/2023\/02\/bandeira-uk.png\" alt=\"\"><\/span><\/a><\/li><\/ul>\n\t\t\t\t\t\t<\/div>\n\t\t\t\t\t<\/div>\n\t\t\t\t<\/div>\n\t\t\t<\/div><\/nav>\n\n\n<div class=\"wp-block-cover is-light\" style=\"padding-top:var(--wp--preset--spacing--30);padding-right:var(--wp--preset--spacing--30);padding-bottom:var(--wp--preset--spacing--30);padding-left:var(--wp--preset--spacing--30);min-height:250px\"><span aria-hidden=\"true\" class=\"wp-block-cover__background has-background-dim-20 has-background-dim\"><\/span><img decoding=\"async\" loading=\"lazy\" width=\"590\" height=\"223\" class=\"wp-block-cover__image-background wp-image-51\" alt=\"\" src=\"https:\/\/eventos.ese.ips.pt\/siie2023\/wp-content\/uploads\/2023\/01\/ESE-IPS.jpg\" data-object-fit=\"cover\" srcset=\"https:\/\/eventos.ese.ips.pt\/siie2023\/wp-content\/uploads\/2023\/01\/ESE-IPS.jpg 590w, https:\/\/eventos.ese.ips.pt\/siie2023\/wp-content\/uploads\/2023\/01\/ESE-IPS-300x113.jpg 300w\" sizes=\"(max-width: 590px) 100vw, 590px\" \/><div class=\"wp-block-cover__inner-container\">\n<p class=\"has-text-align-center has-large-font-size\"><\/p>\n<\/div><\/div>\n\n\n\n<div class=\"has-global-padding is-layout-constrained wp-container-5 wp-block-group\">\n<p class=\"has-text-align-center\"><strong>XXV Simp\u00f3sio Internacional de Inform\u00e1tica Educativa<\/strong><\/p>\n\n\n\n<p class=\"has-text-align-center\"><strong>16, 17 e 18 de novembro de 2023<\/strong><\/p>\n\n\n\n<p class=\"has-text-align-center\"><strong>Instituto Polit\u00e9cnico de Set\u00fabal &#8211; Escola Superior de Educa\u00e7\u00e3o<\/strong><\/p>\n\n\n\n<hr class=\"wp-block-separator has-alpha-channel-opacity\"\/>\n\n\n\n<h6 class=\"has-text-align-center has-text-color has-small-font-size\" style=\"color:#0a3751;text-transform:none\">(ENCONTRO PRESENCIAL)<\/h6>\n\n\n\n<hr class=\"wp-block-separator has-alpha-channel-opacity\"\/>\n\n\n\n<p class=\"has-text-align-center has-secondary-color has-text-color has-x-large-font-size\"><strong>Atas do XXV SIIE <\/strong><\/p>\n\n\n\n<figure class=\"wp-block-image aligncenter size-full is-resized\"><a href=\"https:\/\/eventos.ese.ips.pt\/siie2023\/wp-content\/uploads\/2023\/11\/ATAS-XXV-SIIE-2023.pdf\" target=\"_blank\" rel=\"noreferrer noopener\"><img decoding=\"async\" loading=\"lazy\" src=\"https:\/\/eventos.ese.ips.pt\/siie2023\/wp-content\/uploads\/2023\/11\/atas-siie2023.png\" alt=\"\" class=\"wp-image-1266\" width=\"151\" height=\"213\" srcset=\"https:\/\/eventos.ese.ips.pt\/siie2023\/wp-content\/uploads\/2023\/11\/atas-siie2023.png 301w, https:\/\/eventos.ese.ips.pt\/siie2023\/wp-content\/uploads\/2023\/11\/atas-siie2023-212x300.png 212w\" sizes=\"(max-width: 151px) 100vw, 151px\" \/><\/a><figcaption class=\"wp-element-caption\">(PDF, 39,8 MB)<\/figcaption><\/figure>\n\n\n\n<hr class=\"wp-block-separator has-alpha-channel-opacity\"\/>\n\n\n\n<p class=\"has-text-align-center has-large-font-size\">Momentos do XXV SIIE<\/p>\n\n\n\n<figure class=\"wp-block-embed is-type-video is-provider-youtube wp-block-embed-youtube wp-embed-aspect-16-9 wp-has-aspect-ratio\"><div class=\"wp-block-embed__wrapper\">\n<iframe loading=\"lazy\" title=\"SIIE23 Confer\u00eancia Plen\u00e1ria 2\" width=\"500\" height=\"281\" src=\"https:\/\/www.youtube.com\/embed\/YHLf3Mtw8fg?feature=oembed\" frameborder=\"0\" allow=\"accelerometer; autoplay; clipboard-write; encrypted-media; gyroscope; picture-in-picture; web-share\" allowfullscreen><\/iframe>\n<\/div><figcaption class=\"wp-element-caption\">Confer\u00eancia Plen\u00e1ria online, com Helen Crompton &#8211; 17\/11\/2023<\/figcaption><\/figure>\n\n\n\n<p class=\"has-text-align-center has-large-font-size\">Fotografias<\/p>\n\n\n\n<p class=\"has-text-align-center\"><a rel=\"noreferrer noopener\" href=\"https:\/\/www.facebook.com\/media\/set?vanity=ese.ips&amp;set=a.837903628339263\" target=\"_blank\">Dia 1.<\/a>    <a rel=\"noreferrer noopener\" href=\"https:\/\/www.facebook.com\/media\/set\/?set=a.838414548288171&amp;type=3\" target=\"_blank\">Dia 2.<\/a>     <a href=\"https:\/\/www.facebook.com\/media\/set\/?vanity=ese.ips&amp;set=a.842386401224319\" target=\"_blank\" rel=\"noreferrer noopener\">Dia 3<\/a>.<\/p>\n\n\n\n<p class=\"has-text-align-center has-large-font-size\">Fotorreportagem<\/p>\n\n\n\n<figure class=\"wp-block-embed is-type-video is-provider-youtube wp-block-embed-youtube wp-embed-aspect-16-9 wp-has-aspect-ratio\"><div class=\"wp-block-embed__wrapper\">\n<iframe loading=\"lazy\" title=\"XXV Simp\u00f3sio Internacional de Inform\u00e1tica Educativa\" width=\"500\" height=\"281\" src=\"https:\/\/www.youtube.com\/embed\/ZPPbMeKagWQ?feature=oembed\" frameborder=\"0\" allow=\"accelerometer; autoplay; clipboard-write; encrypted-media; gyroscope; picture-in-picture; web-share\" allowfullscreen><\/iframe>\n<\/div><\/figure>\n\n\n\n<hr class=\"wp-block-separator has-alpha-channel-opacity\"\/>\n\n\n\n<h4><strong>Informa\u00e7\u00e3o aos autores<\/strong><\/h4>\n\n\n\n<p>Os autores disp\u00f5em de 15 minutos para fazer as suas apresenta\u00e7\u00f5es. A comunica\u00e7\u00e3o pode ser efetuada numa das tr\u00eas l\u00ednguas do SIIE: portugu\u00eas, espanhol ou ingl\u00eas.<br>Os suportes usados para as apresenta\u00e7\u00f5es devem integrar os seguintes log\u00f3tipos:<\/p>\n\n\n\n<figure class=\"wp-block-image size-large is-resized\"><img decoding=\"async\" loading=\"lazy\" src=\"https:\/\/eventos.ese.ips.pt\/siie2023\/wp-content\/uploads\/2023\/11\/Logos_SIIE2023-1-1024x282.png\" alt=\"\" class=\"wp-image-1139\" width=\"512\" height=\"141\" srcset=\"https:\/\/eventos.ese.ips.pt\/siie2023\/wp-content\/uploads\/2023\/11\/Logos_SIIE2023-1-1024x282.png 1024w, https:\/\/eventos.ese.ips.pt\/siie2023\/wp-content\/uploads\/2023\/11\/Logos_SIIE2023-1-300x82.png 300w, https:\/\/eventos.ese.ips.pt\/siie2023\/wp-content\/uploads\/2023\/11\/Logos_SIIE2023-1-768x211.png 768w, https:\/\/eventos.ese.ips.pt\/siie2023\/wp-content\/uploads\/2023\/11\/Logos_SIIE2023-1-1536x422.png 1536w, https:\/\/eventos.ese.ips.pt\/siie2023\/wp-content\/uploads\/2023\/11\/Logos_SIIE2023-1-2048x563.png 2048w\" sizes=\"(max-width: 512px) 100vw, 512px\" \/><\/figure>\n\n\n\n<div class=\"is-layout-flex wp-block-buttons\">\n<div class=\"wp-block-button has-custom-font-size has-small-font-size\"><a class=\"wp-block-button__link has-base-color has-text-color has-background wp-element-button\" href=\"https:\/\/eventos.ese.ips.pt\/siie2023\/wp-content\/uploads\/2023\/11\/Logos.zip\" style=\"background-color:#296c93\" target=\"_blank\" rel=\"noreferrer noopener\">Descarregar log\u00f3tipos (.png)<\/a><\/div>\n<\/div>\n\n\n\n<p>Os artigos apresentados no simp\u00f3sio, escritos em ingl\u00eas e formatados de acordo com o <em>template<\/em>, ser\u00e3o publicados no IEEE. Esta publica\u00e7\u00e3o ocorrer\u00e1 depois do simp\u00f3sio e o respetivo formul\u00e1rio para envio ser\u00e1 disponibilizado atempadamente.<\/p>\n\n\n\n<hr class=\"wp-block-separator has-alpha-channel-opacity\"\/>\n\n\n\n<div style=\"height:14px\" aria-hidden=\"true\" class=\"wp-block-spacer\"><\/div>\n\n\n\n<p><strong>O Simp\u00f3sio Internacional de Inform\u00e1tica Educativa (SIIE)<\/strong> \u00e9 um f\u00f3rum internacional para a apresenta\u00e7\u00e3o e discuss\u00e3o dos mais recentes avan\u00e7os na investiga\u00e7\u00e3o sobre tecnologias educativas e a sua aplica\u00e7\u00e3o pr\u00e1tica em processos educativos. Tamb\u00e9m visa reunir investigadores, representantes institucionais e docentes para partilharem perspetivas, conhecimentos e experi\u00eancias.<\/p>\n\n\n\n<p>A 25.\u00aa edi\u00e7\u00e3o do Simp\u00f3sio ter\u00e1 como foco sistemas, plataformas, pedagogias e educa\u00e7\u00e3o baseada na pr\u00e1tica em e-learning e b-learning, incluindo o uso de simuladores, sistemas de realidade aumentada, sistemas de realidade virtual e laborat\u00f3rios virtuais, bem como pensamento computacional, programa\u00e7\u00e3o e rob\u00f3tica educativa.<\/p>\n\n\n\n<hr class=\"wp-block-separator has-alpha-channel-opacity\"\/>\n\n\n\n<h4><strong>Oradores convidados<\/strong><\/h4>\n\n\n\n<blockquote class=\"wp-block-quote\">\n<p>Jos\u00e9 Ant\u00f3nio Moreira<br>Helen Crompton<\/p>\n<\/blockquote>\n\n\n\n<div style=\"height:14px\" aria-hidden=\"true\" class=\"wp-block-spacer\"><\/div>\n\n\n\n<div class=\"has-global-padding is-layout-constrained wp-container-4 wp-block-group has-background\" style=\"background-color:#8dd2fc3b;padding-top:var(--wp--preset--spacing--30);padding-right:var(--wp--preset--spacing--30);padding-bottom:var(--wp--preset--spacing--30);padding-left:var(--wp--preset--spacing--30)\">\n<p class=\"has-text-align-center has-background has-large-font-size\" style=\"background-color:#6991ffeb\"><strong>Chamada de trabalhos<\/strong><br><br>NOVAS DATAS<\/p>\n\n\n\n<p class=\"has-text-align-center has-medium-font-size\">Submiss\u00e3o de artigos: <br><strong>15 de julho de 2023<\/strong> <strong>(Nova data)<\/strong><br>Notifica\u00e7\u00e3o de aceita\u00e7\u00e3o: <br><strong>15 de setembro de 2023<\/strong> <strong>(Nova data)<\/strong><br>Prazo para submiss\u00e3o de vers\u00e3o para publica\u00e7\u00e3o: <br><strong>30 de setembro de 2023<\/strong><\/p>\n\n\n\n<p class=\"has-text-align-center has-medium-font-size\"><br>Prazo de inscri\u00e7\u00e3o antecipada: <br><strong>14 de outubro de 2023<\/strong><br>Simp\u00f3sio: <br><strong>16 a 18 de novembro de 2023<\/strong><\/p>\n\n\n\n<p class=\"has-text-align-center\"><a href=\"https:\/\/eventos.ese.ips.pt\/siie2023\/wp-content\/uploads\/2023\/07\/cfp_siie_2023_pt-1.pdf\" target=\"_blank\" rel=\"noreferrer noopener\"><img decoding=\"async\" loading=\"lazy\" width=\"436\" height=\"454\" class=\"wp-image-807\" style=\"width: 75px;\" src=\"https:\/\/eventos.ese.ips.pt\/siie2023\/wp-content\/uploads\/2023\/03\/image.png\" alt=\"\" srcset=\"https:\/\/eventos.ese.ips.pt\/siie2023\/wp-content\/uploads\/2023\/03\/image.png 436w, https:\/\/eventos.ese.ips.pt\/siie2023\/wp-content\/uploads\/2023\/03\/image-288x300.png 288w\" sizes=\"(max-width: 436px) 100vw, 436px\" \/><\/a><\/p>\n\n\n\n<p>Os melhores trabalhos tamb\u00e9m ser\u00e3o selecionados para publica\u00e7\u00e3o em vers\u00f5es desenvolvidas em v\u00e1rias revistas.<br>Edi\u00e7\u00f5es especiais est\u00e3o atualmente confirmadas em:<\/p>\n\n\n\n<p>\u2022 <a rel=\"noreferrer noopener\" href=\"https:\/\/vaep-rita.org\" target=\"_blank\">Revista IEEE RITA<\/a> (indexado por Clarivate WoS e SCOPUS)<br>\u2022 <a rel=\"noreferrer noopener\" href=\"https:\/\/adie.es\/revista\/\" target=\"_blank\">Revista da ADIE, IE Comunicaciones<\/a> <br>\u2022 <a rel=\"noreferrer noopener\" href=\"https:\/\/revistas.usal.es\/tres\/index.php\/eks\" target=\"_blank\">Revista Educa\u00e7\u00e3o na Sociedade do Conhecimento (EKS)<\/a><br>\u2022 <a rel=\"noreferrer noopener\" href=\"https:\/\/mediacoes.ese.ips.pt\" target=\"_blank\">Medi@\u00e7\u00f5es &#8211; Revista Online da ESE\/IPS<\/a><br><\/p>\n<\/div>\n\n\n\n<figure class=\"wp-block-embed is-type-video is-provider-youtube wp-block-embed-youtube wp-embed-aspect-16-9 wp-has-aspect-ratio\"><div class=\"wp-block-embed__wrapper\">\n<iframe loading=\"lazy\" title=\"SIIE2023\" width=\"500\" height=\"281\" src=\"https:\/\/www.youtube.com\/embed\/NjHtLQJuZck?feature=oembed\" frameborder=\"0\" allow=\"accelerometer; autoplay; clipboard-write; encrypted-media; gyroscope; picture-in-picture; web-share\" allowfullscreen><\/iframe>\n<\/div><\/figure>\n<\/div>\n","protected":false},"excerpt":{"rendered":"<p>XXV Simp\u00f3sio Internacional de Inform\u00e1tica Educativa 16, 17 e 18 de novembro de 2023 Instituto Polit\u00e9cnico de Set\u00fabal &#8211; Escola Superior de Educa\u00e7\u00e3o (ENCONTRO PRESENCIAL) Atas do XXV SIIE Momentos do XXV SIIE Fotografias Dia 1. Dia 2. Dia 3. Fotorreportagem Informa\u00e7\u00e3o aos autores Os autores disp\u00f5em de 15 minutos para fazer as suas apresenta\u00e7\u00f5es. [&hellip;]<\/p>\n","protected":false},"author":1,"featured_media":51,"parent":0,"menu_order":0,"comment_status":"closed","ping_status":"closed","template":"","meta":[],"_links":{"self":[{"href":"https:\/\/eventos.ese.ips.pt\/siie2023\/index.php\/wp-json\/wp\/v2\/pages\/2"}],"collection":[{"href":"https:\/\/eventos.ese.ips.pt\/siie2023\/index.php\/wp-json\/wp\/v2\/pages"}],"about":[{"href":"https:\/\/eventos.ese.ips.pt\/siie2023\/index.php\/wp-json\/wp\/v2\/types\/page"}],"author":[{"embeddable":true,"href":"https:\/\/eventos.ese.ips.pt\/siie2023\/index.php\/wp-json\/wp\/v2\/users\/1"}],"replies":[{"embeddable":true,"href":"https:\/\/eventos.ese.ips.pt\/siie2023\/index.php\/wp-json\/wp\/v2\/comments?post=2"}],"version-history":[{"count":87,"href":"https:\/\/eventos.ese.ips.pt\/siie2023\/index.php\/wp-json\/wp\/v2\/pages\/2\/revisions"}],"predecessor-version":[{"id":1286,"href":"https:\/\/eventos.ese.ips.pt\/siie2023\/index.php\/wp-json\/wp\/v2\/pages\/2\/revisions\/1286"}],"wp:featuredmedia":[{"embeddable":true,"href":"https:\/\/eventos.ese.ips.pt\/siie2023\/index.php\/wp-json\/wp\/v2\/media\/51"}],"wp:attachment":[{"href":"https:\/\/eventos.ese.ips.pt\/siie2023\/index.php\/wp-json\/wp\/v2\/media?parent=2"}],"curies":[{"name":"wp","href":"https:\/\/api.w.org\/{rel}","templated":true}]}}