{"id":203,"date":"2023-01-25T14:26:29","date_gmt":"2023-01-25T14:26:29","guid":{"rendered":"https:\/\/eventos.ese.ips.pt\/siie2023\/?page_id=203"},"modified":"2023-02-07T23:25:58","modified_gmt":"2023-02-07T23:25:58","slug":"temas","status":"publish","type":"page","link":"https:\/\/eventos.ese.ips.pt\/siie2023\/index.php\/temas\/","title":{"rendered":"Temas"},"content":{"rendered":"<nav style=\"color: #cecece;background-color: #3f687f;\" class=\"is-layout-flex wp-container-2 has-text-color has-background has-medium-font-size is-responsive fixo wp-block-navigation has-medium-font-size\" aria-label=\"Navega\u00e7\u00e3o\"><button aria-haspopup=\"true\" aria-label=\"Open menu\" class=\"wp-block-navigation__responsive-container-open \" data-micromodal-trigger=\"modal-1\"><svg width=\"24\" height=\"24\" xmlns=\"http:\/\/www.w3.org\/2000\/svg\" viewBox=\"0 0 24 24\"><path d=\"M5 5v1.5h14V5H5zm0 7.8h14v-1.5H5v1.5zM5 19h14v-1.5H5V19z\" \/><\/svg><\/button>\n\t\t\t<div class=\"wp-block-navigation__responsive-container  \" style=\"\" id=\"modal-1\">\n\t\t\t\t<div class=\"wp-block-navigation__responsive-close\" tabindex=\"-1\" data-micromodal-close>\n\t\t\t\t\t<div class=\"wp-block-navigation__responsive-dialog\" aria-label=\"Menu\">\n\t\t\t\t\t\t\t<button aria-label=\"Close menu\" data-micromodal-close class=\"wp-block-navigation__responsive-container-close\"><svg xmlns=\"http:\/\/www.w3.org\/2000\/svg\" viewBox=\"0 0 24 24\" width=\"24\" height=\"24\" aria-hidden=\"true\" focusable=\"false\"><path d=\"M13 11.8l6.1-6.3-1-1-6.1 6.2-6.1-6.2-1 1 6.1 6.3-6.5 6.7 1 1 6.5-6.6 6.5 6.6 1-1z\"><\/path><\/svg><\/button>\n\t\t\t\t\t\t<div class=\"wp-block-navigation__responsive-container-content\" id=\"modal-1-content\">\n\t\t\t\t\t\t\t<ul class=\"wp-block-navigation__container\"><li style=\"color: #cecece;background-color: #3f687f;\" class=\"has-text-color has-background has-medium-font-size wp-block-navigation-item wp-block-navigation-link\"><a class=\"wp-block-navigation-item__content\"  href=\"https:\/\/eventos.ese.ips.pt\/siie2023\/\"><span class=\"wp-block-navigation-item__label\">SIIE 2023<\/span><\/a><\/li><li style=\"color: #cecece;background-color: #3f687f;\" class=\"has-text-color has-background has-medium-font-size wp-block-navigation-item wp-block-navigation-link\"><a class=\"wp-block-navigation-item__content\"  href=\"https:\/\/eventos.ese.ips.pt\/siie2023\/index.php\/temas\/\"><span class=\"wp-block-navigation-item__label\">Temas<\/span><\/a><\/li><li style=\"color: #cecece;background-color: #3f687f;\" class=\"has-text-color has-background has-medium-font-size wp-block-navigation-item wp-block-navigation-link\"><a class=\"wp-block-navigation-item__content\"  href=\"https:\/\/eventos.ese.ips.pt\/siie2023\/index.php\/comissoes\/\"><span class=\"wp-block-navigation-item__label\">Comiss\u00f5es<\/span><\/a><\/li><li style=\"color: #cecece;background-color: #3f687f;\" class=\"has-text-color has-background has-medium-font-size wp-block-navigation-item wp-block-navigation-link\"><a class=\"wp-block-navigation-item__content\"  href=\"https:\/\/eventos.ese.ips.pt\/siie2023\/index.php\/datas\/\"><span class=\"wp-block-navigation-item__label\">Datas<\/span><\/a><\/li><li style=\"color: #cecece;background-color: #3f687f;\" class=\"has-text-color has-background has-medium-font-size wp-block-navigation-item wp-block-navigation-link\"><a class=\"wp-block-navigation-item__content\"  href=\"https:\/\/eventos.ese.ips.pt\/siie2023\/index.php\/submissoes\/\"><span class=\"wp-block-navigation-item__label\">Submiss\u00f5es<\/span><\/a><\/li><li style=\"color: #cecece;background-color: #3f687f;\" class=\"has-text-color has-background has-medium-font-size wp-block-navigation-item wp-block-navigation-link\"><a class=\"wp-block-navigation-item__content\"  href=\"https:\/\/eventos.ese.ips.pt\/siie2023\/index.php\/inscricoes2\/\"><span class=\"wp-block-navigation-item__label\">Inscri\u00e7\u00f5es<\/span><\/a><\/li><li style=\"color: #cecece;background-color: #3f687f;\" class=\"has-text-color has-background has-medium-font-size wp-block-navigation-item wp-block-navigation-link\"><a class=\"wp-block-navigation-item__content\"  href=\"https:\/\/eventos.ese.ips.pt\/siie2023\/index.php\/programa\/\"><span class=\"wp-block-navigation-item__label\">Programa<\/span><\/a><\/li><li style=\"color: #cecece;background-color: #3f687f;\" class=\"has-text-color has-background has-medium-font-size wp-block-navigation-item wp-block-navigation-link\"><a class=\"wp-block-navigation-item__content\"  href=\"https:\/\/eventos.ese.ips.pt\/siie2023\/index.php\/oradores-convidados\/\"><span class=\"wp-block-navigation-item__label\">Oradores convidados<\/span><\/a><\/li><li style=\"color: #cecece;background-color: #3f687f;\" class=\"has-text-color has-background has-medium-font-size wp-block-navigation-item wp-block-navigation-link\"><a class=\"wp-block-navigation-item__content\"  href=\"https:\/\/eventos.ese.ips.pt\/siie2023\/index.php\/local\/\"><span class=\"wp-block-navigation-item__label\">Local<\/span><\/a><\/li><li style=\"color: #cecece;background-color: #3f687f;\" class=\"has-text-color has-background has-medium-font-size wp-block-navigation-item wp-block-navigation-link\"><a class=\"wp-block-navigation-item__content\"  href=\"https:\/\/eventos.ese.ips.pt\/siie2023\/index.php\/contactos\/\"><span class=\"wp-block-navigation-item__label\">Contactos<\/span><\/a><\/li><li style=\"color: #cecece;background-color: #3f687f;\" class=\"has-text-color has-background has-medium-font-size wp-block-navigation-item wp-block-navigation-link\"><a class=\"wp-block-navigation-item__content\"  href=\"https:\/\/eventos.ese.ips.pt\/siie2023\/\"><span class=\"wp-block-navigation-item__label\"><img decoding=\"async\" loading=\"lazy\" width=\"50\" height=\"33\" class=\"wp-image-464\" style=\"width: 25px\" src=\"https:\/\/eventos.ese.ips.pt\/siie2023\/wp-content\/uploads\/2023\/02\/bandeira-pt1.png\" alt=\"PT\"><\/span><\/a><\/li><li style=\"color: #cecece;background-color: #3f687f;\" class=\"has-text-color has-background has-medium-font-size wp-block-navigation-item wp-block-navigation-link\"><a class=\"wp-block-navigation-item__content\"  href=\"https:\/\/eventos.ese.ips.pt\/siie2023\/index.php\/en\/\"><span class=\"wp-block-navigation-item__label\"><img decoding=\"async\" loading=\"lazy\" width=\"50\" height=\"33\" class=\"wp-image-450\" style=\"width: 25px\" src=\"https:\/\/eventos.ese.ips.pt\/siie2023\/wp-content\/uploads\/2023\/02\/bandeira-uk.png\" alt=\"\"><\/span><\/a><\/li><\/ul>\n\t\t\t\t\t\t<\/div>\n\t\t\t\t\t<\/div>\n\t\t\t\t<\/div>\n\t\t\t<\/div><\/nav>\n\n\n<div class=\"has-global-padding is-layout-constrained wp-container-3 wp-block-group\">\n<p><strong>O XXV Simp\u00f3sio Internacional de Inform\u00e1tica Educativa convida os autores a enviar contributos originais na \u00e1rea da Inform\u00e1tica Educativa relacionados com os seguintes temas de interesse:<\/strong><\/p>\n\n\n\n<p>Teorias pedag\u00f3gicas aplicadas \u00e0 conce\u00e7\u00e3o de software educativo<br>Aplica\u00e7\u00f5es de web sem\u00e2ntica na educa\u00e7\u00e3o<br>Aplica\u00e7\u00f5es de software educativo em dom\u00ednios espec\u00edficos<br>Ensino a dist\u00e2ncia, online e h\u00edbrido<br>Aprendizagem colaborativa<br>Aprendizagem ub\u00edqua e m\u00f3vel<br>Desenvolvimento de conte\u00fados educativos<br>Conhecimento aberto em contextos educativos<br>Conce\u00e7\u00e3o e padroniza\u00e7\u00e3o de tecnologias educativas, metadados e linguagens de modela\u00e7\u00e3o<br>Conce\u00e7\u00e3o, desenvolvimento e avalia\u00e7\u00e3o de software educativo<br>e-Avalia\u00e7\u00e3o: Teoria, m\u00e9todos, ferramentas e pr\u00e1ticas<br>Ambientes de aprendizagem personalizados<br>An\u00e1lise da aprendizagem<br>Forma\u00e7\u00e3o de professores em TIC<br>Gest\u00e3o do conhecimento, tecnologia e compet\u00eancias em contextos educativos<br>Intelig\u00eancia artificial na educa\u00e7\u00e3o<br>Intera\u00e7\u00e3o homem-computador em contextos educativos<br>Laborat\u00f3rios virtuais e remotos<br>Metodologias e pr\u00e1ticas de utiliza\u00e7\u00e3o de software educativo<br>Explora\u00e7\u00e3o de dados educativos<br>Multim\u00e9dia, hiperm\u00e9dia e visualiza\u00e7\u00e3o na educa\u00e7\u00e3o<br>Mundos virtuais educativos<br>Pensamento computacional, programa\u00e7\u00e3o e rob\u00f3tica educativa<br>Recursos baseados na Web<br>Sistemas de gest\u00e3o da aprendizagem: arquiteturas e plataformas<br>Apoio \u00e0 aprendizagem n\u00e3o formal e informal no local de trabalho<br>Simula\u00e7\u00f5es educativas e jogos de v\u00eddeo<br>Web social e comunidades de aprendizagem<br>Realidade virtual, realidade aumentada e realidade mista<br>Aprendizagem inclusiva e Educa\u00e7\u00e3o Especial<\/p>\n<\/div>\n","protected":false},"excerpt":{"rendered":"<p>O XXV Simp\u00f3sio Internacional de Inform\u00e1tica Educativa convida os autores a enviar contributos originais na \u00e1rea da Inform\u00e1tica Educativa relacionados com os seguintes temas de interesse: Teorias pedag\u00f3gicas aplicadas \u00e0 conce\u00e7\u00e3o de software educativoAplica\u00e7\u00f5es de web sem\u00e2ntica na educa\u00e7\u00e3oAplica\u00e7\u00f5es de software educativo em dom\u00ednios espec\u00edficosEnsino a dist\u00e2ncia, online e h\u00edbridoAprendizagem colaborativaAprendizagem ub\u00edqua e m\u00f3velDesenvolvimento de [&hellip;]<\/p>\n","protected":false},"author":1,"featured_media":0,"parent":0,"menu_order":0,"comment_status":"closed","ping_status":"closed","template":"","meta":[],"_links":{"self":[{"href":"https:\/\/eventos.ese.ips.pt\/siie2023\/index.php\/wp-json\/wp\/v2\/pages\/203"}],"collection":[{"href":"https:\/\/eventos.ese.ips.pt\/siie2023\/index.php\/wp-json\/wp\/v2\/pages"}],"about":[{"href":"https:\/\/eventos.ese.ips.pt\/siie2023\/index.php\/wp-json\/wp\/v2\/types\/page"}],"author":[{"embeddable":true,"href":"https:\/\/eventos.ese.ips.pt\/siie2023\/index.php\/wp-json\/wp\/v2\/users\/1"}],"replies":[{"embeddable":true,"href":"https:\/\/eventos.ese.ips.pt\/siie2023\/index.php\/wp-json\/wp\/v2\/comments?post=203"}],"version-history":[{"count":7,"href":"https:\/\/eventos.ese.ips.pt\/siie2023\/index.php\/wp-json\/wp\/v2\/pages\/203\/revisions"}],"predecessor-version":[{"id":590,"href":"https:\/\/eventos.ese.ips.pt\/siie2023\/index.php\/wp-json\/wp\/v2\/pages\/203\/revisions\/590"}],"wp:attachment":[{"href":"https:\/\/eventos.ese.ips.pt\/siie2023\/index.php\/wp-json\/wp\/v2\/media?parent=203"}],"curies":[{"name":"wp","href":"https:\/\/api.w.org\/{rel}","templated":true}]}}