{"id":964,"date":"2023-05-16T18:27:03","date_gmt":"2023-05-16T18:27:03","guid":{"rendered":"https:\/\/eventos.ese.ips.pt\/siie2023\/?page_id=964"},"modified":"2023-06-09T09:54:58","modified_gmt":"2023-06-09T09:54:58","slug":"oradores-convidados","status":"publish","type":"page","link":"https:\/\/eventos.ese.ips.pt\/siie2023\/index.php\/oradores-convidados\/","title":{"rendered":"Oradores convidados"},"content":{"rendered":"<nav style=\"color: #cecece;background-color: #3f687f;\" class=\"is-layout-flex wp-container-2 has-text-color has-background has-medium-font-size is-responsive fixo wp-block-navigation has-medium-font-size\" aria-label=\"Navega\u00e7\u00e3o\"><button aria-haspopup=\"true\" aria-label=\"Open menu\" class=\"wp-block-navigation__responsive-container-open \" data-micromodal-trigger=\"modal-1\"><svg width=\"24\" height=\"24\" xmlns=\"http:\/\/www.w3.org\/2000\/svg\" viewBox=\"0 0 24 24\"><path d=\"M5 5v1.5h14V5H5zm0 7.8h14v-1.5H5v1.5zM5 19h14v-1.5H5V19z\" \/><\/svg><\/button>\n\t\t\t<div class=\"wp-block-navigation__responsive-container  \" style=\"\" id=\"modal-1\">\n\t\t\t\t<div class=\"wp-block-navigation__responsive-close\" tabindex=\"-1\" data-micromodal-close>\n\t\t\t\t\t<div class=\"wp-block-navigation__responsive-dialog\" aria-label=\"Menu\">\n\t\t\t\t\t\t\t<button aria-label=\"Close menu\" data-micromodal-close class=\"wp-block-navigation__responsive-container-close\"><svg xmlns=\"http:\/\/www.w3.org\/2000\/svg\" viewBox=\"0 0 24 24\" width=\"24\" height=\"24\" aria-hidden=\"true\" focusable=\"false\"><path d=\"M13 11.8l6.1-6.3-1-1-6.1 6.2-6.1-6.2-1 1 6.1 6.3-6.5 6.7 1 1 6.5-6.6 6.5 6.6 1-1z\"><\/path><\/svg><\/button>\n\t\t\t\t\t\t<div class=\"wp-block-navigation__responsive-container-content\" id=\"modal-1-content\">\n\t\t\t\t\t\t\t<ul class=\"wp-block-navigation__container\"><li style=\"color: #cecece;background-color: #3f687f;\" class=\"has-text-color has-background has-medium-font-size wp-block-navigation-item wp-block-navigation-link\"><a class=\"wp-block-navigation-item__content\"  href=\"https:\/\/eventos.ese.ips.pt\/siie2023\/\"><span class=\"wp-block-navigation-item__label\">SIIE 2023<\/span><\/a><\/li><li style=\"color: #cecece;background-color: #3f687f;\" class=\"has-text-color has-background has-medium-font-size wp-block-navigation-item wp-block-navigation-link\"><a class=\"wp-block-navigation-item__content\"  href=\"https:\/\/eventos.ese.ips.pt\/siie2023\/index.php\/temas\/\"><span class=\"wp-block-navigation-item__label\">Temas<\/span><\/a><\/li><li style=\"color: #cecece;background-color: #3f687f;\" class=\"has-text-color has-background has-medium-font-size wp-block-navigation-item wp-block-navigation-link\"><a class=\"wp-block-navigation-item__content\"  href=\"https:\/\/eventos.ese.ips.pt\/siie2023\/index.php\/comissoes\/\"><span class=\"wp-block-navigation-item__label\">Comiss\u00f5es<\/span><\/a><\/li><li style=\"color: #cecece;background-color: #3f687f;\" class=\"has-text-color has-background has-medium-font-size wp-block-navigation-item wp-block-navigation-link\"><a class=\"wp-block-navigation-item__content\"  href=\"https:\/\/eventos.ese.ips.pt\/siie2023\/index.php\/datas\/\"><span class=\"wp-block-navigation-item__label\">Datas<\/span><\/a><\/li><li style=\"color: #cecece;background-color: #3f687f;\" class=\"has-text-color has-background has-medium-font-size wp-block-navigation-item wp-block-navigation-link\"><a class=\"wp-block-navigation-item__content\"  href=\"https:\/\/eventos.ese.ips.pt\/siie2023\/index.php\/submissoes\/\"><span class=\"wp-block-navigation-item__label\">Submiss\u00f5es<\/span><\/a><\/li><li style=\"color: #cecece;background-color: #3f687f;\" class=\"has-text-color has-background has-medium-font-size wp-block-navigation-item wp-block-navigation-link\"><a class=\"wp-block-navigation-item__content\"  href=\"https:\/\/eventos.ese.ips.pt\/siie2023\/index.php\/inscricoes2\/\"><span class=\"wp-block-navigation-item__label\">Inscri\u00e7\u00f5es<\/span><\/a><\/li><li style=\"color: #cecece;background-color: #3f687f;\" class=\"has-text-color has-background has-medium-font-size wp-block-navigation-item wp-block-navigation-link\"><a class=\"wp-block-navigation-item__content\"  href=\"https:\/\/eventos.ese.ips.pt\/siie2023\/index.php\/programa\/\"><span class=\"wp-block-navigation-item__label\">Programa<\/span><\/a><\/li><li style=\"color: #cecece;background-color: #3f687f;\" class=\"has-text-color has-background has-medium-font-size wp-block-navigation-item wp-block-navigation-link\"><a class=\"wp-block-navigation-item__content\"  href=\"https:\/\/eventos.ese.ips.pt\/siie2023\/index.php\/oradores-convidados\/\"><span class=\"wp-block-navigation-item__label\">Oradores convidados<\/span><\/a><\/li><li style=\"color: #cecece;background-color: #3f687f;\" class=\"has-text-color has-background has-medium-font-size wp-block-navigation-item wp-block-navigation-link\"><a class=\"wp-block-navigation-item__content\"  href=\"https:\/\/eventos.ese.ips.pt\/siie2023\/index.php\/local\/\"><span class=\"wp-block-navigation-item__label\">Local<\/span><\/a><\/li><li style=\"color: #cecece;background-color: #3f687f;\" class=\"has-text-color has-background has-medium-font-size wp-block-navigation-item wp-block-navigation-link\"><a class=\"wp-block-navigation-item__content\"  href=\"https:\/\/eventos.ese.ips.pt\/siie2023\/index.php\/contactos\/\"><span class=\"wp-block-navigation-item__label\">Contactos<\/span><\/a><\/li><li style=\"color: #cecece;background-color: #3f687f;\" class=\"has-text-color has-background has-medium-font-size wp-block-navigation-item wp-block-navigation-link\"><a class=\"wp-block-navigation-item__content\"  href=\"https:\/\/eventos.ese.ips.pt\/siie2023\/\"><span class=\"wp-block-navigation-item__label\"><img decoding=\"async\" loading=\"lazy\" width=\"50\" height=\"33\" class=\"wp-image-464\" style=\"width: 25px\" src=\"https:\/\/eventos.ese.ips.pt\/siie2023\/wp-content\/uploads\/2023\/02\/bandeira-pt1.png\" alt=\"PT\"><\/span><\/a><\/li><li style=\"color: #cecece;background-color: #3f687f;\" class=\"has-text-color has-background has-medium-font-size wp-block-navigation-item wp-block-navigation-link\"><a class=\"wp-block-navigation-item__content\"  href=\"https:\/\/eventos.ese.ips.pt\/siie2023\/index.php\/en\/\"><span class=\"wp-block-navigation-item__label\"><img decoding=\"async\" loading=\"lazy\" width=\"50\" height=\"33\" class=\"wp-image-450\" style=\"width: 25px\" src=\"https:\/\/eventos.ese.ips.pt\/siie2023\/wp-content\/uploads\/2023\/02\/bandeira-uk.png\" alt=\"\"><\/span><\/a><\/li><\/ul>\n\t\t\t\t\t\t<\/div>\n\t\t\t\t\t<\/div>\n\t\t\t\t<\/div>\n\t\t\t<\/div><\/nav>\n\n\n<div class=\"has-global-padding is-layout-constrained wp-container-3 wp-block-group\">\n<h3 class=\"has-large-font-size\">Oradores convidados<\/h3>\n\n\n\n<p><strong>Dia 16 de novembro<\/strong><\/p>\n\n\n\n<figure class=\"wp-block-image size-full is-resized\"><img decoding=\"async\" loading=\"lazy\" src=\"https:\/\/eventos.ese.ips.pt\/siie2023\/wp-content\/uploads\/2023\/05\/a_moreira.jpg\" alt=\"\" class=\"wp-image-973\" width=\"225\" height=\"222\" srcset=\"https:\/\/eventos.ese.ips.pt\/siie2023\/wp-content\/uploads\/2023\/05\/a_moreira.jpg 900w, https:\/\/eventos.ese.ips.pt\/siie2023\/wp-content\/uploads\/2023\/05\/a_moreira-300x296.jpg 300w, https:\/\/eventos.ese.ips.pt\/siie2023\/wp-content\/uploads\/2023\/05\/a_moreira-768x757.jpg 768w\" sizes=\"(max-width: 225px) 100vw, 225px\" \/><\/figure>\n\n\n\n<p class=\"has-large-font-size\"><strong>Jos\u00e9<\/strong> <strong>Ant\u00f3nio Moreira<\/strong><\/p>\n\n\n\n<p>Jos\u00e9 Ant\u00f3nio Moreira \u00e9 doutorado e mestre em Ci\u00eancias da Educa\u00e7\u00e3o pela Universidade de Coimbra. \u00c9 Licenciado em Hist\u00f3ria da Arte pela mesma Universidade.<br>Para al\u00e9m disso, possui um P\u00f3s-Doutoramento em Tecnologias Educacionais e da Comunica\u00e7\u00e3o, tamb\u00e9m pela Universidade de Coimbra e uma p\u00f3s-gradua\u00e7\u00e3o em Multim\u00e9dia pela Faculdade de Engenharia da Universidade do Porto, e ainda um Curso de Realiza\u00e7\u00e3o Cinematogr\u00e1fica.<br>\u00c9 Professor Associado com Agrega\u00e7\u00e3o no Departamento de Educa\u00e7\u00e3o e Ensino a Dist\u00e2ncia e Coordenador da Unidade de Desenvolvimento dos Centros Locais de Aprendizagem da Universidade Aberta (UAb). Investigador e Coordenador do Centro de Estudos de Pedagogia do Ensino Superior do Centro de Estudos Interdisciplinares (CEIS20) da Universidade de Coimbra e Coordenador Estrangeiro do Grupo de Investiga\u00e7\u00e3o em Educa\u00e7\u00e3o Digital da Universidade do Vale do Rio dos Sinos (GPe-dU &#8211; UNISINOS\/ CAPES-CNPq), Brasil.<br>Professor Colaborador dos Programas de P\u00f3s-Gradua\u00e7\u00e3o em Educa\u00e7\u00e3o, Contemporaneidade, Gest\u00e3o e Tecnologias Aplicadas \u00e0 Educa\u00e7\u00e3o da Universidade do Estado da Bahia (UNEB) e Professor Convidado do Curso de Especializa\u00e7\u00e3o em Educa\u00e7\u00e3o e Tecnologias da Universidade Federal de S\u00e3o Carlos (UFSCar), Brasil.<br>Desde 2020 \u00e9 coordenador do Curso de Doc\u00eancia Digital para Docentes do Ensino Superior da Universidade Aberta.<br>Atualmente coordena o Projeto &#8220;Educa\u00e7\u00e3o Digital em Estabelecimentos Prisionais em Portugal (UAb) e \u00e9 Investigador Estrangeiro Respons\u00e1vel pelo Programa Institucional de Internacionaliza\u00e7\u00e3o CAPES\/PRINT: &#8220;Transforma\u00e7\u00e3o Digital e Humanidades: Educa\u00e7\u00e3o, Comunica\u00e7\u00e3o e Tecnologias&#8221; (UNISINOS\/UAb).<\/p>\n\n\n\n<h4>O PARADIGMA EMERGENTE DA EDUCA\u00c7\u00c3O DIGITAL EM REDE. COMPET\u00caNCIAS E FORMA\u00c7\u00c3O NECESS\u00c1RIAS.<\/h4>\n\n\n\n<p><strong>Resumo<\/strong><\/p>\n\n\n\n<p>A evolu\u00e7\u00e3o das tecnologias e das redes de comunica\u00e7\u00e3o propiciaram o surgimento de uma sociedade reticular marcada por mudan\u00e7as acentuadas na economia e no mercado de trabalho, impulsionando o nascimento de novos paradigmas, modelos, processos de comunica\u00e7\u00e3o educacional e novos cen\u00e1rios de ensino e de aprendizagem. Tendo, pois, em considera\u00e7\u00e3o este contexto, o objetivo desta comunica\u00e7\u00e3o \u00e9 apresentar a proposi\u00e7\u00e3o de um paradigma que se define e se constr\u00f3i, tamb\u00e9m em espa\u00e7os virtuais, em rede e que necessita de atores humanos \u201ccompetentes\u201d que compreendam como se pode construir uma educa\u00e7\u00e3o de qualidade nesses cen\u00e1rios emergentes.<\/p>\n\n\n\n<hr class=\"wp-block-separator has-alpha-channel-opacity\"\/>\n\n\n\n<p><strong>Dia 17 de novembro<\/strong><\/p>\n\n\n\n<figure class=\"wp-block-image size-medium\"><img decoding=\"async\" loading=\"lazy\" width=\"300\" height=\"200\" src=\"https:\/\/eventos.ese.ips.pt\/siie2023\/wp-content\/uploads\/2023\/06\/Helen-300x200.jpg\" alt=\"\" class=\"wp-image-1031\" srcset=\"https:\/\/eventos.ese.ips.pt\/siie2023\/wp-content\/uploads\/2023\/06\/Helen-300x200.jpg 300w, https:\/\/eventos.ese.ips.pt\/siie2023\/wp-content\/uploads\/2023\/06\/Helen-1024x683.jpg 1024w, https:\/\/eventos.ese.ips.pt\/siie2023\/wp-content\/uploads\/2023\/06\/Helen-768x512.jpg 768w, https:\/\/eventos.ese.ips.pt\/siie2023\/wp-content\/uploads\/2023\/06\/Helen-1536x1025.jpg 1536w, https:\/\/eventos.ese.ips.pt\/siie2023\/wp-content\/uploads\/2023\/06\/Helen-2048x1366.jpg 2048w\" sizes=\"(max-width: 300px) 100vw, 300px\" \/><\/figure>\n\n\n\n<p class=\"has-large-font-size\"><strong>Helen Crompton<\/strong><\/p>\n\n\n\n<p>A Dra. Helen Crompton \u00e9 a Diretora Executiva do Instituto de Investiga\u00e7\u00e3o para a Inova\u00e7\u00e3o Digital na Aprendizagem (RIDIL) da ODUGlobal e Professora de Tecnologia Instrucional na Old Dominion University (ODU). \u00c9 tamb\u00e9m a Diretora do Laborat\u00f3rio de Realidade Virtual da ODU. Possui 30 anos de experi\u00eancia no setor da educa\u00e7\u00e3o e um doutoramento em tecnologias educativas e educa\u00e7\u00e3o matem\u00e1tica pela Universidade da Carolina do Norte em Chapel Hill. Recebeu in\u00fameros pr\u00e9mios nos EUA e no seu pa\u00eds natal, Inglaterra, pelo seu trabalho na integra\u00e7\u00e3o das tecnologias, incluindo o pr\u00e9mio SCHEV para o Professor Extraordin\u00e1rio da Virg\u00ednia. \u00c9 consultora de v\u00e1rios governos e organiza\u00e7\u00f5es bilaterais e multilaterais, como as Na\u00e7\u00f5es Unidas e o Banco Mundial, sobre temas relacionados com a tecnologia educativa. \u00c9 tamb\u00e9m consultora de organiza\u00e7\u00f5es como a International Society for Technology in Education (ISTE). Faz parte da lista dos 2% melhores cientistas do mundo da Universidade de Stanford e publicou mais de 150 artigos sobre integra\u00e7\u00e3o tecnol\u00f3gica.<br><\/p>\n\n\n\n<h4>COMO A IA GENERATIVA EST\u00c1 A MUDAR A PAISAGEM EDUCACIONAL<\/h4>\n\n\n\n<p><strong>Resumo<\/strong><\/p>\n\n\n\n<p>Embora a Intelig\u00eancia Artificial (IA) j\u00e1 exista h\u00e1 algumas d\u00e9cadas, recentemente ela fez avan\u00e7os poderosos que mudaram o cen\u00e1rio educacional. Programas de IA generativa, como o ChatGPT, fizeram com que os educadores questionassem como as atividades s\u00e3o projetadas e como avaliamos o conhecimento dos alunos. Embora existam limita\u00e7\u00f5es para esses programas de IA, o potencial \u00e9 abundante em fornecer suporte aos educadores no ensino, incluindo ajuda na reda\u00e7\u00e3o de planos de aula, avalia\u00e7\u00f5es, resumos e ideias de ensino, e suporte aos alunos na aprendizagem, como tutoria personalizada, prepara\u00e7\u00e3o para exames e estrat\u00e9gias de estudo. Esta sess\u00e3o fornecer\u00e1 o que precisa saber para que os alunos usem a IA de forma positiva e adequada bem como estrat\u00e9gias concretas para melhorar o ensino e a aprendizagem com essas ferramentas.<\/p>\n\n\n\n<hr class=\"wp-block-separator has-alpha-channel-opacity\"\/>\n<\/div>\n","protected":false},"excerpt":{"rendered":"<p>Oradores convidados Dia 16 de novembro Jos\u00e9 Ant\u00f3nio Moreira Jos\u00e9 Ant\u00f3nio Moreira \u00e9 doutorado e mestre em Ci\u00eancias da Educa\u00e7\u00e3o pela Universidade de Coimbra. \u00c9 Licenciado em Hist\u00f3ria da Arte pela mesma Universidade.Para al\u00e9m disso, possui um P\u00f3s-Doutoramento em Tecnologias Educacionais e da Comunica\u00e7\u00e3o, tamb\u00e9m pela Universidade de Coimbra e uma p\u00f3s-gradua\u00e7\u00e3o em Multim\u00e9dia pela [&hellip;]<\/p>\n","protected":false},"author":1,"featured_media":0,"parent":0,"menu_order":0,"comment_status":"closed","ping_status":"closed","template":"","meta":[],"_links":{"self":[{"href":"https:\/\/eventos.ese.ips.pt\/siie2023\/index.php\/wp-json\/wp\/v2\/pages\/964"}],"collection":[{"href":"https:\/\/eventos.ese.ips.pt\/siie2023\/index.php\/wp-json\/wp\/v2\/pages"}],"about":[{"href":"https:\/\/eventos.ese.ips.pt\/siie2023\/index.php\/wp-json\/wp\/v2\/types\/page"}],"author":[{"embeddable":true,"href":"https:\/\/eventos.ese.ips.pt\/siie2023\/index.php\/wp-json\/wp\/v2\/users\/1"}],"replies":[{"embeddable":true,"href":"https:\/\/eventos.ese.ips.pt\/siie2023\/index.php\/wp-json\/wp\/v2\/comments?post=964"}],"version-history":[{"count":18,"href":"https:\/\/eventos.ese.ips.pt\/siie2023\/index.php\/wp-json\/wp\/v2\/pages\/964\/revisions"}],"predecessor-version":[{"id":1076,"href":"https:\/\/eventos.ese.ips.pt\/siie2023\/index.php\/wp-json\/wp\/v2\/pages\/964\/revisions\/1076"}],"wp:attachment":[{"href":"https:\/\/eventos.ese.ips.pt\/siie2023\/index.php\/wp-json\/wp\/v2\/media?parent=964"}],"curies":[{"name":"wp","href":"https:\/\/api.w.org\/{rel}","templated":true}]}}