{"id":123,"date":"2024-07-18T16:24:05","date_gmt":"2024-07-18T16:24:05","guid":{"rendered":"https:\/\/eventos.ese.ips.pt\/slbei2025\/?page_id=123"},"modified":"2025-09-10T15:40:34","modified_gmt":"2025-09-10T15:40:34","slug":"submissao-de-trabalhos","status":"publish","type":"page","link":"https:\/\/eventos.ese.ips.pt\/slbei2025\/index.php\/submissao-de-trabalhos\/","title":{"rendered":"SUBMISS\u00c3O DE TRABALHOS"},"content":{"rendered":"\n<p><\/p>\n\n\n\n<p><\/p>\n\n\n\n<p><\/p>\n\n\n\n<p><\/p>\n\n\n\n<div style=\"height:38px\" aria-hidden=\"true\" class=\"wp-block-spacer\"><\/div>\n\n\n\n<figure class=\"wp-block-table\"><table><tbody><tr><td><strong><em>&nbsp;<\/em><\/strong><\/td><td><strong>Submiss\u00e3o<\/strong><\/td><td><strong>Resposta<\/strong><\/td><\/tr><tr><td>1.\u00aa <em>Chamada para trabalhos<\/em><\/td><td>02\/12\/2024 a 15\/02\/2025<\/td><td>At\u00e9 15\/03\/2025<\/td><\/tr><tr><td>2.\u00aa <em>Chamada para trabalhos<\/em><\/td><td>17\/02\/2025 a 31\/03\/2025<\/td><td>At\u00e9 02\/05\/2025<\/td><\/tr><tr><td>Data suplementar por pedido de participantes<\/td><td>07\/04\/2025 a 07\/05\/2025<\/td><td>At\u00e9 16\/06\/2025<\/td><\/tr><\/tbody><\/table><\/figure>\n\n\n\n<p><\/p>\n\n\n\n<div style=\"height:17px\" aria-hidden=\"true\" class=\"wp-block-spacer\"><\/div>\n\n\n\n<p><strong>Modalidades de trabalhos aceites<\/strong><\/p>\n\n\n\n<p>&#8211; Trabalhos de Investiga\u00e7\u00e3o\/Pesquisa, te\u00f3rica e\/ou emp\u00edrica;<\/p>\n\n\n\n<p>&#8211; Relatos de Pr\u00e1ticas.<\/p>\n\n\n\n<p> <a href=\"https:\/\/eventos.ese.ips.pt\/slbei2025\/index.php\/normas-de-submissao-de-trabalhos\/\" data-type=\"page\" data-id=\"173\">Saber mais<\/a><\/p>\n\n\n\n<div style=\"height:16px\" aria-hidden=\"true\" class=\"wp-block-spacer\"><\/div>\n\n\n\n<p><strong>Caracter\u00edsticas do trabalho a submeter:<\/strong><\/p>\n\n\n\n<p>Os trabalhos devem ser enviados em suporte <strong>PDF<\/strong>, devidamente <strong>anonimizados<\/strong> e em <strong>formato completo<\/strong> (isto \u00e9: com resumo\/abstract, corpo de texto e refer\u00eancias bibliogr\u00e1ficas), com um <strong>m\u00ednimo de 07 (sete) p\u00e1ginas e no m\u00e1ximo 10 (dez) p\u00e1ginas<\/strong>, com a seguinte formata\u00e7\u00e3o: <\/p>\n\n\n\n<p><strong>margens e espa\u00e7amento<\/strong><\/p>\n\n\n\n<p>\u2013 Superior e esquerda: 3 cm;<\/p>\n\n\n\n<p>\u2013 Direita e inferior: 2 cm;<\/p>\n\n\n\n<p>\u2013 Espa\u00e7amento: 1,5 linhas em todo o texto.<\/p>\n\n\n\n<p><strong>fonte<\/strong><\/p>\n\n\n\n<p>\u2013 Tipo: Times New Roman;<\/p>\n\n\n\n<p>\u2013 Tamanho: 12 para o corpo do texto;<\/p>\n\n\n\n<p>\u2013 T\u00edtulos principais e refer\u00eancias: MAI\u00daSCULO,&nbsp;<strong>negrito,<\/strong>&nbsp;tamanho 12.<\/p>\n\n\n\n<p> <a href=\"https:\/\/eventos.ese.ips.pt\/slbei2025\/index.php\/normas-de-submissao-de-trabalhos\/\" data-type=\"page\" data-id=\"173\">Saber mais<\/a><\/p>\n","protected":false},"excerpt":{"rendered":"<p>&nbsp; Submiss\u00e3o Resposta 1.\u00aa Chamada para trabalhos 02\/12\/2024 a 15\/02\/2025 At\u00e9 15\/03\/2025 2.\u00aa Chamada para trabalhos 17\/02\/2025 a 31\/03\/2025 At\u00e9 02\/05\/2025 Data suplementar por pedido de participantes 07\/04\/2025 a 07\/05\/2025 At\u00e9 16\/06\/2025 Modalidades de trabalhos aceites &#8211; Trabalhos de Investiga\u00e7\u00e3o\/Pesquisa, te\u00f3rica e\/ou emp\u00edrica; &#8211; Relatos de Pr\u00e1ticas. Saber mais Caracter\u00edsticas do trabalho a submeter: Os [&hellip;]<\/p>\n","protected":false},"author":3,"featured_media":0,"parent":0,"menu_order":0,"comment_status":"closed","ping_status":"closed","template":"","meta":{"footnotes":""},"_links":{"self":[{"href":"https:\/\/eventos.ese.ips.pt\/slbei2025\/index.php\/wp-json\/wp\/v2\/pages\/123"}],"collection":[{"href":"https:\/\/eventos.ese.ips.pt\/slbei2025\/index.php\/wp-json\/wp\/v2\/pages"}],"about":[{"href":"https:\/\/eventos.ese.ips.pt\/slbei2025\/index.php\/wp-json\/wp\/v2\/types\/page"}],"author":[{"embeddable":true,"href":"https:\/\/eventos.ese.ips.pt\/slbei2025\/index.php\/wp-json\/wp\/v2\/users\/3"}],"replies":[{"embeddable":true,"href":"https:\/\/eventos.ese.ips.pt\/slbei2025\/index.php\/wp-json\/wp\/v2\/comments?post=123"}],"version-history":[{"count":21,"href":"https:\/\/eventos.ese.ips.pt\/slbei2025\/index.php\/wp-json\/wp\/v2\/pages\/123\/revisions"}],"predecessor-version":[{"id":406,"href":"https:\/\/eventos.ese.ips.pt\/slbei2025\/index.php\/wp-json\/wp\/v2\/pages\/123\/revisions\/406"}],"wp:attachment":[{"href":"https:\/\/eventos.ese.ips.pt\/slbei2025\/index.php\/wp-json\/wp\/v2\/media?parent=123"}],"curies":[{"name":"wp","href":"https:\/\/api.w.org\/{rel}","templated":true}]}}