{"id":2,"date":"2024-07-11T11:46:55","date_gmt":"2024-07-11T11:46:55","guid":{"rendered":"https:\/\/eventos.ese.ips.pt\/slbei2025\/?page_id=2"},"modified":"2024-12-04T18:55:49","modified_gmt":"2024-12-04T18:55:49","slug":"apresentacao","status":"publish","type":"page","link":"https:\/\/eventos.ese.ips.pt\/slbei2025\/index.php\/apresentacao\/","title":{"rendered":"APRESENTA\u00c7\u00c3O"},"content":{"rendered":"\n<p>O Semin\u00e1rio Luso-Brasileiro de Educa\u00e7\u00e3o de Inf\u00e2ncia e o Congresso Luso-Afro-Brasileiro de Inf\u00e2ncias e Educa\u00e7\u00e3o t\u00eam como principal objetivo apresentar e discutir trabalhos de investiga\u00e7\u00e3o\/pesquisa e experi\u00eancias no campo da educa\u00e7\u00e3o das crian\u00e7as de 0 a 10 anos de idade (educa\u00e7\u00e3o de inf\u00e2ncia e anos iniciais do ensino b\u00e1sico\/fundamental), reunindo parceiros institucionais, investigadores\/pesquisadores, profissionais e estudantes, nacionais e internacionais, provenientes das diversas regi\u00f5es do Brasil, bem como de Portugal, Angola, Mo\u00e7ambique, Cabo Verde, S\u00e3o Tom\u00e9 e Pr\u00edncipe e Guin\u00e9-Bissau.<\/p>\n\n\n\n<div style=\"height:46px\" aria-hidden=\"true\" class=\"wp-block-spacer\"><\/div>\n\n\n\n<p>Para mais informa\u00e7\u00f5es, por favor contacte:<strong> viiislbei.ivclabie@ese.ips.pt<\/strong>  <\/p>\n","protected":false},"excerpt":{"rendered":"<p>O Semin\u00e1rio Luso-Brasileiro de Educa\u00e7\u00e3o de Inf\u00e2ncia e o Congresso Luso-Afro-Brasileiro de Inf\u00e2ncias e Educa\u00e7\u00e3o t\u00eam como principal objetivo apresentar e discutir trabalhos de investiga\u00e7\u00e3o\/pesquisa e experi\u00eancias no campo da educa\u00e7\u00e3o das crian\u00e7as de 0 a 10 anos de idade (educa\u00e7\u00e3o de inf\u00e2ncia e anos iniciais do ensino b\u00e1sico\/fundamental), reunindo parceiros institucionais, investigadores\/pesquisadores, profissionais e [&hellip;]<\/p>\n","protected":false},"author":1,"featured_media":0,"parent":0,"menu_order":0,"comment_status":"closed","ping_status":"closed","template":"","meta":{"footnotes":""},"_links":{"self":[{"href":"https:\/\/eventos.ese.ips.pt\/slbei2025\/index.php\/wp-json\/wp\/v2\/pages\/2"}],"collection":[{"href":"https:\/\/eventos.ese.ips.pt\/slbei2025\/index.php\/wp-json\/wp\/v2\/pages"}],"about":[{"href":"https:\/\/eventos.ese.ips.pt\/slbei2025\/index.php\/wp-json\/wp\/v2\/types\/page"}],"author":[{"embeddable":true,"href":"https:\/\/eventos.ese.ips.pt\/slbei2025\/index.php\/wp-json\/wp\/v2\/users\/1"}],"replies":[{"embeddable":true,"href":"https:\/\/eventos.ese.ips.pt\/slbei2025\/index.php\/wp-json\/wp\/v2\/comments?post=2"}],"version-history":[{"count":12,"href":"https:\/\/eventos.ese.ips.pt\/slbei2025\/index.php\/wp-json\/wp\/v2\/pages\/2\/revisions"}],"predecessor-version":[{"id":232,"href":"https:\/\/eventos.ese.ips.pt\/slbei2025\/index.php\/wp-json\/wp\/v2\/pages\/2\/revisions\/232"}],"wp:attachment":[{"href":"https:\/\/eventos.ese.ips.pt\/slbei2025\/index.php\/wp-json\/wp\/v2\/media?parent=2"}],"curies":[{"name":"wp","href":"https:\/\/api.w.org\/{rel}","templated":true}]}}