{"id":344,"date":"2025-07-10T13:22:05","date_gmt":"2025-07-10T13:22:05","guid":{"rendered":"https:\/\/eventos.ese.ips.pt\/slbei2025\/?page_id=344"},"modified":"2025-07-17T15:22:53","modified_gmt":"2025-07-17T15:22:53","slug":"local","status":"publish","type":"page","link":"https:\/\/eventos.ese.ips.pt\/slbei2025\/index.php\/local\/","title":{"rendered":"Local (novo!)"},"content":{"rendered":"\n<p>Escola Superior de Educa\u00e7\u00e3o<br>Campus do IPS, Estefanilha<br>2914 \u2013 504 Set\u00fabal | Portugal<\/p>\n\n\n\n<p><\/p>\n\n\n\n<p><a href=\"https:\/\/ese.ips.pt\/\" data-type=\"link\" data-id=\"https:\/\/ese.ips.pt\/\" target=\"_blank\" rel=\"noreferrer noopener\">Website<\/a><\/p>\n\n\n\n<p><\/p>\n\n\n\n<h3 class=\"wp-block-heading\"><br>Como chegar<\/h3>\n\n\n\n<div style=\"height:26px\" aria-hidden=\"true\" class=\"wp-block-spacer\"><\/div>\n\n\n\n<p><strong>DO AEROPORTO DE LISBOA PARA O CENTRO DA CIDADE DE SET\u00daBAL<\/strong><\/p>\n\n\n\n<div style=\"height:26px\" aria-hidden=\"true\" class=\"wp-block-spacer\"><\/div>\n\n\n\n<p><strong>Op\u00e7\u00e3o 1<\/strong><br>T\u00c1XI \u2013 Cerca de 100\u20ac do aeroporto para o centro da cidade de Set\u00fabal.<br><\/p>\n\n\n\n<div style=\"height:26px\" aria-hidden=\"true\" class=\"wp-block-spacer\"><\/div>\n\n\n\n<p><strong>Op\u00e7\u00e3o 2<\/strong><br>METRO e AUROCARRO<br><strong>Metro<\/strong>&nbsp;do aeroporto (<strong>linha vermelha<\/strong>) at\u00e9 a&nbsp;<strong>Esta\u00e7\u00e3o\/Gare do Oriente<\/strong>,<br><strong>Autocarro 4720<\/strong>&nbsp;da Esta\u00e7\u00e3o\/Gare do Oriente (<strong>21-C<\/strong>) para&nbsp;<strong>Set\u00fabal<\/strong><\/p>\n\n\n\n<p><a href=\"https:\/\/carrismetropolitana.pt\/lines\/4720?active_pattern_id=4720_0_1&amp;active_waypoint_stop_id=060011&amp;active_waypoint_stop_sequence=1\" data-type=\"link\" data-id=\"https:\/\/carrismetropolitana.pt\/lines\/4720?active_pattern_id=4720_0_1&amp;active_waypoint_stop_id=060011&amp;active_waypoint_stop_sequence=1\" target=\"_blank\" rel=\"noreferrer noopener\">Saber mais.<\/a><br>ou<br><strong>Autocarro 4715<\/strong>&nbsp;da Esta\u00e7\u00e3o\/Gare do Oriente (<strong>21-C<\/strong>) para&nbsp;<strong>Set\u00fabal<\/strong><\/p>\n\n\n\n<p><a href=\"https:\/\/carrismetropolitana.pt\/lines\/4715?active_pattern_id=4715_0_1&amp;active_waypoint_stop_id=060011&amp;active_waypoint_stop_sequence=1\" data-type=\"link\" data-id=\"https:\/\/carrismetropolitana.pt\/lines\/4715?active_pattern_id=4715_0_1&amp;active_waypoint_stop_id=060011&amp;active_waypoint_stop_sequence=1\" target=\"_blank\" rel=\"noreferrer noopener\">Saber mais.<\/a><br><\/p>\n\n\n\n<div style=\"height:26px\" aria-hidden=\"true\" class=\"wp-block-spacer\"><\/div>\n\n\n\n<p><strong>Op\u00e7\u00e3o 3<\/strong><br>AEROBUS do aeroporto para Entrecampos + comboio Fertagus \u2013 Esta\u00e7\u00e3o de Set\u00fabal (paragem final do Comboio Fertagus).<br>Hor\u00e1rios dos comboios Fertagus:&nbsp;<a href=\"https:\/\/www.fertagus.pt\/pt\/horarios\/fertagus\" target=\"_blank\" rel=\"noreferrer noopener\">https:\/\/www.fertagus.pt\/pt\/horarios\/fertagus<\/a><\/p>\n\n\n\n<div style=\"height:26px\" aria-hidden=\"true\" class=\"wp-block-spacer\"><\/div>\n\n\n\n<p><strong>DO CENTRO DA CIDADE DE SET\u00daBAL PARA O CAMPUS DO IPS SET\u00daBAL<\/strong><\/p>\n\n\n\n<div style=\"height:26px\" aria-hidden=\"true\" class=\"wp-block-spacer\"><\/div>\n\n\n\n<p><strong>Op\u00e7\u00e3o 1<\/strong><br>T\u00e1xi em Set\u00fabal \u2013 Cerca de 15\u20ac.<br><\/p>\n\n\n\n<div style=\"height:26px\" aria-hidden=\"true\" class=\"wp-block-spacer\"><\/div>\n\n\n\n<p><strong>Op\u00e7\u00e3o 2<\/strong><br>Autocarro<br>Pode usar o autocarro 4412 partindo da paragem de autocarro na Av. Jaime Cortes\u00e3o 146. A paragem do autocarro perto do campus de Set\u00fabal chama-se \u201cAlto Estefanilha (IPS)\u201d.<br>O bilhete pode ser adquirido ao motorista do autocarro, ou comprar um grupo de viagens pr\u00e9-pagas.<\/p>\n\n\n\n<p><a href=\"https:\/\/carrismetropolitana.pt\/lines\/4412?active_pattern_id=4412_0_1&amp;active_waypoint_stop_id=160305&amp;active_waypoint_stop_sequence=1\" data-type=\"link\" data-id=\"https:\/\/carrismetropolitana.pt\/lines\/4412?active_pattern_id=4412_0_1&amp;active_waypoint_stop_id=160305&amp;active_waypoint_stop_sequence=1\" target=\"_blank\" rel=\"noreferrer noopener\">Saber mais.<\/a><br><\/p>\n\n\n\n<div style=\"height:26px\" aria-hidden=\"true\" class=\"wp-block-spacer\"><\/div>\n\n\n\n<p><strong>Op\u00e7\u00e3o 3<\/strong><br>Comboio<br>Apanhe o comboio da CP na esta\u00e7\u00e3o de Set\u00fabal (esta\u00e7\u00e3o central) ou na esta\u00e7\u00e3o da Pra\u00e7a do Quebedo e saia na paragem final, nas Praias do Sado-A.<\/p>\n\n\n\n<p><a href=\"https:\/\/www.cp.pt\/sites\/passageiros\/pt\/consultar-horarios\/horarios-resultado\" data-type=\"link\" data-id=\"https:\/\/www.cp.pt\/sites\/passageiros\/pt\/consultar-horarios\/horarios-resultado\" target=\"_blank\" rel=\"noreferrer noopener\">Hor\u00e1rios (em 10 de julho de 2025)<\/a><\/p>\n\n\n\n<div style=\"height:26px\" aria-hidden=\"true\" class=\"wp-block-spacer\"><\/div>\n\n\n\n<h3 class=\"wp-block-heading\"><br>Mapa<\/h3>\n\n\n<figure class=\"wp-block-table is-style-regular\">\n<table style=\"border-style: none; border-width: 0px;\">\n<tbody>\n<tr>\n<td>\n<p><iframe loading=\"lazy\" style=\"border: 0;\" src=\"https:\/\/www.google.com\/maps\/embed?pb=!1m14!1m8!1m3!1d363221.4504778255!2d-9.197681853389946!3d38.61588616912939!3m2!1i1024!2i768!4f13.1!3m3!1m2!1s0xd194282344701bf%3A0x99c1a2c2fcbaede8!2sEscola%20Superior%20de%20Educa%C3%A7%C3%A3o%20de%20Set%C3%BAbal!5e0!3m2!1spt-PT!2spt!4v1679442246022!5m2!1spt-PT!2spt\" width=\"300\" height=\"225\" allowfullscreen=\"allowfullscreen\"><\/iframe><\/p>\n<\/td>\n<\/tr>\n<\/tbody>\n<\/table>\n<\/figure>\n<p><strong>Coordenadas GPS<\/strong>: 38.5203022,-8.8400362<\/p>\n\n\n<div style=\"height:26px\" aria-hidden=\"true\" class=\"wp-block-spacer\"><\/div>\n\n\n\n<h3 class=\"wp-block-heading\">Alojamento<\/h3>\n\n\n\n<p>Sugerimos alojamento em hot\u00e9is localizados no centro de Set\u00fabal, pois acreditamos que a sua estada ser\u00e1 facilitada e confort\u00e1vel, nomeadamente ao n\u00edvel de transportes e atividades sociais ap\u00f3s o trabalho.<\/p>\n\n\n\n<div style=\"height:26px\" aria-hidden=\"true\" class=\"wp-block-spacer\"><\/div>\n\n\n\n<p><strong>HOTEL\/GUESTHOUSE BOCAGE<\/strong><br>Website \u2013&nbsp;<a href=\"https:\/\/www.hoteisbocage.com\/hotelbocage\/\" target=\"_blank\" rel=\"noreferrer noopener\">https:\/\/www.hoteisbocage.com\/hotelbocage\/<\/a><br>Endere\u00e7o \u2013 Rua de S\u00e3o Crist\u00f3v\u00e3o, 14 \u2013 2900-611 Set\u00fabal<\/p>\n\n\n\n<div style=\"height:26px\" aria-hidden=\"true\" class=\"wp-block-spacer\"><\/div>\n\n\n\n<p><strong>HOTEL SOLARIS<\/strong><br>Website \u2013&nbsp;<a href=\"https:\/\/www.solarishotel.pt\/\" target=\"_blank\" rel=\"noreferrer noopener\">https:\/\/www.solarishotel.pt\/<\/a><br>Endere\u00e7o \u2013 Pra\u00e7a Marqu\u00eas de Pombal, n\u00ba12, 2900 \u2013 562 Set\u00fabal<\/p>\n\n\n\n<div style=\"height:26px\" aria-hidden=\"true\" class=\"wp-block-spacer\"><\/div>\n\n\n\n<p><strong>LUNA ESPERAN\u00c7A CENTRO HOTEL<\/strong><br>Website \u2013&nbsp;<a href=\"https:\/\/www.lunahoteis.com\/pt\/luna-esperanca\/o-hotel.html\" target=\"_blank\" rel=\"noreferrer noopener\">https:\/\/www.lunahoteis.com\/pt\/luna-esperanca\/o-hotel.html<\/a><br>Endere\u00e7o \u2013 Avenida Lu\u00edsa Todi 220, 2900-452 Set\u00fabal<\/p>\n\n\n\n<div style=\"height:26px\" aria-hidden=\"true\" class=\"wp-block-spacer\"><\/div>\n\n\n\n<p><strong>HOTEL MELIA SET\u00daBAL<\/strong><br>Website \u2013&nbsp;<a href=\"https:\/\/www.melia.com\/pt\/hoteis\/portugal\/setubal\/melia-setubal\" target=\"_blank\" rel=\"noreferrer noopener\">https:\/\/www.melia.com\/pt\/hoteis\/portugal\/setubal\/melia-setubal<\/a><br>Endere\u00e7o \u2013 Av. Alexandre Herculano, 58 \u2013 Set\u00fabal<\/p>\n\n\n\n<div style=\"height:26px\" aria-hidden=\"true\" class=\"wp-block-spacer\"><\/div>\n\n\n\n<p><strong>RIO ARTE HOTEL<\/strong><br>Website \u2013&nbsp;<a href=\"https:\/\/www.rioarthotel.pt\/\" target=\"_blank\" rel=\"noreferrer noopener\">https:\/\/www.rioarthotel.pt\/<\/a><br>Endere\u00e7o \u2013 Avenida Lu\u00edsa Todi, 117, 2900-461 Set\u00fabal<\/p>\n\n\n\n<div style=\"height:58px\" aria-hidden=\"true\" class=\"wp-block-spacer\"><\/div>\n\n\n\n<h3 class=\"wp-block-heading\">Sobre Set\u00fabal<\/h3>\n\n\n\n<p>A cidade de Set\u00fabal tem uma oferta diversificada, tanto no que respeita a espa\u00e7os culturais ou de lazer, como no que se refere a alojamento e restaura\u00e7\u00e3o.<\/p>\n\n\n\n<p>No&nbsp;<a href=\"https:\/\/www.mun-setubal.pt\/wp-content\/uploads\/2021\/04\/GUIA-DE-TURISMO-ACESSIVEL.pdf\" target=\"_blank\" rel=\"noreferrer noopener\">Guia de Turismo Acess\u00edvel \u2013 Ba\u00eda de Set\u00fabal para Todos<\/a>, da C\u00e2mara Municipal de Set\u00fabal, encontrar\u00e1 bastante informa\u00e7\u00e3o relativa a esta regi\u00e3o de Portugal.<\/p>\n\n\n\n<p>Nessa publica\u00e7\u00e3o, a partir da p\u00e1gina 70, \u00e9 apresentada uma lista de hot\u00e9is considerados com acessibilidade. E a partir da p\u00e1gina 77. encontrar\u00e1 uma lista de restaurantes.<\/p>\n","protected":false},"excerpt":{"rendered":"<p>Escola Superior de Educa\u00e7\u00e3oCampus do IPS, Estefanilha2914 \u2013 504 Set\u00fabal | Portugal Website Como chegar DO AEROPORTO DE LISBOA PARA O CENTRO DA CIDADE DE SET\u00daBAL Op\u00e7\u00e3o 1T\u00c1XI \u2013 Cerca de 100\u20ac do aeroporto para o centro da cidade de Set\u00fabal. Op\u00e7\u00e3o 2METRO e AUROCARROMetro&nbsp;do aeroporto (linha vermelha) at\u00e9 a&nbsp;Esta\u00e7\u00e3o\/Gare do Oriente,Autocarro 4720&nbsp;da Esta\u00e7\u00e3o\/Gare do [&hellip;]<\/p>\n","protected":false},"author":1,"featured_media":0,"parent":0,"menu_order":0,"comment_status":"closed","ping_status":"closed","template":"","meta":{"footnotes":""},"_links":{"self":[{"href":"https:\/\/eventos.ese.ips.pt\/slbei2025\/index.php\/wp-json\/wp\/v2\/pages\/344"}],"collection":[{"href":"https:\/\/eventos.ese.ips.pt\/slbei2025\/index.php\/wp-json\/wp\/v2\/pages"}],"about":[{"href":"https:\/\/eventos.ese.ips.pt\/slbei2025\/index.php\/wp-json\/wp\/v2\/types\/page"}],"author":[{"embeddable":true,"href":"https:\/\/eventos.ese.ips.pt\/slbei2025\/index.php\/wp-json\/wp\/v2\/users\/1"}],"replies":[{"embeddable":true,"href":"https:\/\/eventos.ese.ips.pt\/slbei2025\/index.php\/wp-json\/wp\/v2\/comments?post=344"}],"version-history":[{"count":18,"href":"https:\/\/eventos.ese.ips.pt\/slbei2025\/index.php\/wp-json\/wp\/v2\/pages\/344\/revisions"}],"predecessor-version":[{"id":372,"href":"https:\/\/eventos.ese.ips.pt\/slbei2025\/index.php\/wp-json\/wp\/v2\/pages\/344\/revisions\/372"}],"wp:attachment":[{"href":"https:\/\/eventos.ese.ips.pt\/slbei2025\/index.php\/wp-json\/wp\/v2\/media?parent=344"}],"curies":[{"name":"wp","href":"https:\/\/api.w.org\/{rel}","templated":true}]}}