{"id":468,"date":"2025-09-11T15:05:45","date_gmt":"2025-09-11T15:05:45","guid":{"rendered":"https:\/\/eventos.ese.ips.pt\/slbei2025\/?page_id=468"},"modified":"2025-09-18T11:00:51","modified_gmt":"2025-09-18T11:00:51","slug":"programa","status":"publish","type":"page","link":"https:\/\/eventos.ese.ips.pt\/slbei2025\/index.php\/programa\/","title":{"rendered":"Programa"},"content":{"rendered":"\n<figure class=\"wp-block-table\"><table><tbody><tr><td><strong>17 de setembro<\/strong><\/td><\/tr><tr><td>09:30h \u2013 10:15h &#8211; Anfiteatro <strong><br>Sess\u00e3o de abertura e boas-vindas<\/strong><br>\u00c2ngela Lemos (Presidente do IPS)<br>Augusto Jos\u00e9 Fazenda (ISCED-Sumbe)<br>Fernando Il\u00eddio Ferreira (CIEC, UMinho)<br>Marisa Correia (CIEQV)<br>Cleriston Izidro dos Anjos (UFAL)<br>Elisabete X. Gomes (ESE-IPS, CIEQV)<\/td><\/tr><tr><td>10:30h \u2013 12:00h &#8211; Anfiteatro<br><strong>Confer\u00eancia de abertura<\/strong>:<br><em>Conhecimento e pol\u00edtica na forma\u00e7\u00e3o de professores<\/em><br><strong>Ant\u00f3nio N\u00f3voa (IE-UL)<\/strong><br>Modera\u00e7\u00e3o: Ana Lu\u00edsa de Oliveira Pires (ESE \u2013 IPS; CICS-NOVA)<\/td><\/tr><tr><td>12:00h \u2013 13:00h &#8211; V\u00e1rios espa\u00e7os da ESE-IPS<br><strong>Abertura das exposi\u00e7\u00f5es <\/strong><\/td><\/tr><tr><td>Almo\u00e7o livre<\/td><\/tr><tr><td>14:30h \u2013 16:30h &#8211; Salas 1 e 6<br>Mesas redondas <br><strong>Mesa Redonda 1: Decolonialidade e Educa\u00e7\u00e3o Antirracista<\/strong> &#8211; sala 6<br>Cristina Rold\u00e3o (ESE-IPS)<br>Maria Walburga dos Santos (UFSCar)<br>Ellen Lima Souza (UniFESP)<br>Modera\u00e7\u00e3o: Cristina Gomes da Silva (ESE-IPS)<br><strong>Mesa redonda 2: Tecnologia, democracia e risco digital<\/strong> &#8211; sala 1<br>Lidia Mar\u00f4po (ESE-IPS)<br>Cleriston Izidro dos Anjos (UFAL)<br>Carolina Alvarenga (UFLA)<br>Modera\u00e7\u00e3o: Pedro Cardoso da Silva (ISCED \u2013 Sumbe)<br>16.30h &#8211; \u00c1trio junto ao Anfiteatro<br><strong>Coffee-break <\/strong><\/td><\/tr><tr><td>Visitas e passeios culturais mediante inscri\u00e7\u00e3o:<br>Visita 1. <strong>Set\u00fabal: mais de 2000 anos de hist\u00f3ria<\/strong>, Alb\u00e9rico Afonso Costa<br>Visita 2. <strong>BioDiversidade no EcoCampus do IPS<\/strong>, Helena Sim\u00f5es e Miguel Freitas<\/td><\/tr><\/tbody><\/table><\/figure>\n\n\n\n<div style=\"height:50px\" aria-hidden=\"true\" class=\"wp-block-spacer\"><\/div>\n\n\n\n<figure class=\"wp-block-table\"><table><tbody><tr><td><strong>18 de setembro<\/strong><\/td><\/tr><tr><td>09:00h \u2013 11:00h &#8211; Anfiteatro<br><strong>Mesa Redonda 3: Educa\u00e7\u00e3o em Creche<\/strong> <br>Ana Teresa Brito (ISPA)<br>F\u00e1bio Hoffmann Pereira (UFAL)<br>Alexandra Marques e Liliana Marques (Equipa OPC)<br>Modera\u00e7\u00e3o: Sofia Figueira (ESE-IPS)<br><br>11:00h &#8211; 11.30h &#8211; \u00c1trio junto ao Anfiteatro<br><strong>Coffee-break <\/strong><\/td><\/tr><tr><td>11:30h \u2013 13:30h<br><strong>Apresenta\u00e7\u00e3o de trabalhos: Consulte, no link abaixo, o programa de comunica\u00e7\u00f5es livres <\/strong><br><a href=\"https:\/\/eventos.ese.ips.pt\/slbei2025\/wp-content\/uploads\/2025\/09\/Programa-de-COMUNICACOES-LIVRES_15-de-setembro.pdf\">https:\/\/eventos.ese.ips.pt\/slbei2025\/wp-content\/uploads\/2025\/09\/Programa-de-COMUNICACOES-LIVRES_15-de-setembro.pdf<\/a><br><strong><br>Oficinas e minicursos<\/strong>:<strong> consulte, no link abaixo, o programa de oficinas e mini-cursos<\/strong><br><a href=\"https:\/\/eventos.ese.ips.pt\/slbei2025\/wp-content\/uploads\/2025\/09\/Programa-de-MINICURSOS-E-OFICINAS_15-de-setembro.pdf\">https:\/\/eventos.ese.ips.pt\/slbei2025\/wp-content\/uploads\/2025\/09\/Programa-de-MINICURSOS-E-OFICINAS_15-de-setembro.pdf<\/a><br><br><\/td><\/tr><tr><td>Almo\u00e7o livre<\/td><\/tr><tr><td>14:30h \u2013 16:30h<br><strong>Apresenta\u00e7\u00e3o de trabalhos: consulte, no link acima, o programa de comunica\u00e7\u00f5es livres<\/strong><br><strong>Oficinas e minicursos<\/strong>: <strong>consulte, no link acima, o programa de oficinas e minicursos <\/strong><br><br>16:30h &#8211; 17.00h &#8211; \u00c1trio junto ao Anfiteatro<br><strong>Coffee-break <\/strong><br><br>17:00h \u2013 18:00h &#8211; Anfiteatro<br><strong>Confer\u00eancia:<\/strong><br><em>As crian\u00e7as interrogam a doc\u00eancia: especificidades da doc\u00eancia na educa\u00e7\u00e3o infantil<\/em><br><strong>Marcia Buss-Sim\u00e3o (UFSC)<\/strong><br>Modera\u00e7\u00e3o: Augusto Jos\u00e9 Fazenda (ISCED \u2013 Sumbe)<br><br>18.00h \u2013 19.00h &#8211; Anfiteatro<br><strong>Lan\u00e7amento de Livros<\/strong>:<br>* <em>Era uma vez&#8230; um caracol que conta<\/em> &#8211; Projecto OutGoing. Apresenta\u00e7\u00e3o: Am\u00e9rico Pe\u00e7as<br>* <em>ANAESIA &#8211; A origem das pessoas<\/em>, Ellen Lima Souza<br>* <em>Em redor das inf\u00e2ncias pensar com filosofia, psicologia e educa\u00e7\u00e3o<\/em>, Tiago Almeida.<br>* <em>Pesquisas com, sobre e para crian\u00e7as<\/em>, Cleriston Izidro dos Anjos et al. <\/td><\/tr><tr><td>Jantar por ades\u00e3o individual<\/td><\/tr><\/tbody><\/table><\/figure>\n\n\n\n<div style=\"height:50px\" aria-hidden=\"true\" class=\"wp-block-spacer\"><\/div>\n\n\n\n<figure class=\"wp-block-table\"><table><tbody><tr><td><strong>19 de setembro<\/strong><\/td><\/tr><tr><td>09:00h \u2013 11:00h &#8211; Salas 1 e 6<br><strong>Mesa Redonda 4<\/strong>:&nbsp;<strong>Arte e literatura para\/com a inf\u00e2ncia<\/strong> &#8211; Sala 6<br>Dora Batalim (ISPA; ESELx)<br>Dhemy de Brito (UMinho)<br>Arlinda Concei\u00e7\u00e3o dos Santos (ISCED \u2013 Sumbe)<br>Modera\u00e7\u00e3o: Ant\u00f3nio Vasconcelos (ESE-IPS)<br><strong>Mesa redonda 5:A coopera\u00e7\u00e3o na forma\u00e7\u00e3o de profissionais e na educa\u00e7\u00e3o das crian\u00e7as<\/strong> &#8211; Sala 1<br>Jorge Pinto (ESE-IPS)<br>Mara Pinto (UMinho)<br>L\u00facia Chipuca (ISCED \u2013 Benguela)<br>Modera\u00e7\u00e3o: Teresa Sarmento (UMinho)<br><br>11:00h &#8211; 11.30h &#8211; \u00c1trio junto ao Anfiteatro<br><strong>Coffee-break <\/strong><\/td><\/tr><tr><td>11:30h \u2013 13:30h<br><strong>Mesa Redonda 6: Cidadania da inf\u00e2ncia, cidadania ambiental e comunidade&nbsp;<\/strong>&#8211; Sala 6<br>Nat\u00e1lia Fernandes (UMinho)<br>Assun\u00e7\u00e3o Folque (U\u00c9vora)<br>M\u00e1rcia Gobbi (USP)<br>Modera\u00e7\u00e3o: Stela Guedes Caputo (UERJ)<br><strong>Mesa redonda 7: Investiga\u00e7\u00e3o em educa\u00e7\u00e3o e forma\u00e7\u00e3o<\/strong> &#8211; Sala 1<br>Anete Abramowicz (USP)<br>Teresa Gon\u00e7alves (UFRJ)<br>Maria Figueiredo (IPV-ESE)<br>Modera\u00e7\u00e3o: Ana Lu\u00edsa de Oliveira Pires (ESE \u2013 IPS; CIEQV)<\/td><\/tr><tr><td>Almo\u00e7o livre<\/td><\/tr><tr><td>14:30h \u2013 16:30h &#8211; Salas 1 e 6<br><strong>Mesa Redonda 8: Conhecimento, forma\u00e7\u00e3o docente e inf\u00e2ncia<\/strong> &#8211; Sala 6<br>Andrea Braga Moruzzi (UFSCar)<br>Maria Jo\u00e3o Cardona (ESE-IPSantar\u00e9m) e Am\u00e9lia March\u00e3o (ESE-IPPortalegre)<br>Tiago Almeida (ESE-Lx)<br>Modera\u00e7\u00e3o: Fabr\u00edcia Carla Viviane (IFMS)<br><strong>Mesa redonda 9:<\/strong> <strong>Pol\u00edticas de inf\u00e2ncia e di\u00e1logos intersectoriais<\/strong> &#8211; Sala 1<br>Lu\u00eds Ribeiro (APEI)<br>Anelise Monteiro do Nascimento (UFRRJ)<br>Fernando Il\u00eddio Ferreira (UMinho)<br>Modera\u00e7\u00e3o: Maria Aparecida Antero Correia (UNIR)<br><br>16:30h &#8211; 17.00h &#8211; \u00c1trio junto ao Anfiteatro<br><strong>Coffee-break <\/strong><br><br>17:00h -18:00h &#8211; Anfiteatro<br><strong>Confer\u00eancia de encerramento<\/strong> <br><em>Entre Ciclones e Esperan\u00e7a: A Educa\u00e7\u00e3o Ambiental Reimaginada pelas Crian\u00e7as Mo\u00e7ambicanas<\/em><br><strong>Elena Colonna (ONG CoMeDia \u2013 Mo\u00e7ambique)<\/strong><br>Modera\u00e7\u00e3o: Cleriston Anjos (UFAL)<br>18:00 &#8211; Anfiteatro<br><strong>Encerramento dos trabalhos <\/strong><br>Jo\u00e3o Pires (Diretor da ESE-IPS)<br>Comiss\u00e3o coordenadora<\/td><\/tr><tr><td>18.30h &#8211; Junto ao sobreiro<br><strong>Moscatel de honra<\/strong><\/td><\/tr><\/tbody><\/table><\/figure>\n\n\n\n<p><\/p>\n","protected":false},"excerpt":{"rendered":"<p>17 de setembro 09:30h \u2013 10:15h &#8211; Anfiteatro Sess\u00e3o de abertura e boas-vindas\u00c2ngela Lemos (Presidente do IPS)Augusto Jos\u00e9 Fazenda (ISCED-Sumbe)Fernando Il\u00eddio Ferreira (CIEC, UMinho)Marisa Correia (CIEQV)Cleriston Izidro dos Anjos (UFAL)Elisabete X. Gomes (ESE-IPS, CIEQV) 10:30h \u2013 12:00h &#8211; AnfiteatroConfer\u00eancia de abertura:Conhecimento e pol\u00edtica na forma\u00e7\u00e3o de professoresAnt\u00f3nio N\u00f3voa (IE-UL)Modera\u00e7\u00e3o: Ana Lu\u00edsa de Oliveira Pires (ESE [&hellip;]<\/p>\n","protected":false},"author":1,"featured_media":0,"parent":0,"menu_order":0,"comment_status":"closed","ping_status":"closed","template":"","meta":{"footnotes":""},"_links":{"self":[{"href":"https:\/\/eventos.ese.ips.pt\/slbei2025\/index.php\/wp-json\/wp\/v2\/pages\/468"}],"collection":[{"href":"https:\/\/eventos.ese.ips.pt\/slbei2025\/index.php\/wp-json\/wp\/v2\/pages"}],"about":[{"href":"https:\/\/eventos.ese.ips.pt\/slbei2025\/index.php\/wp-json\/wp\/v2\/types\/page"}],"author":[{"embeddable":true,"href":"https:\/\/eventos.ese.ips.pt\/slbei2025\/index.php\/wp-json\/wp\/v2\/users\/1"}],"replies":[{"embeddable":true,"href":"https:\/\/eventos.ese.ips.pt\/slbei2025\/index.php\/wp-json\/wp\/v2\/comments?post=468"}],"version-history":[{"count":37,"href":"https:\/\/eventos.ese.ips.pt\/slbei2025\/index.php\/wp-json\/wp\/v2\/pages\/468\/revisions"}],"predecessor-version":[{"id":530,"href":"https:\/\/eventos.ese.ips.pt\/slbei2025\/index.php\/wp-json\/wp\/v2\/pages\/468\/revisions\/530"}],"wp:attachment":[{"href":"https:\/\/eventos.ese.ips.pt\/slbei2025\/index.php\/wp-json\/wp\/v2\/media?parent=468"}],"curies":[{"name":"wp","href":"https:\/\/api.w.org\/{rel}","templated":true}]}}